{"id":2,"date":"2009-08-13T17:07:01","date_gmt":"2009-08-13T15:07:01","guid":{"rendered":"http:\/\/www.sachagattino.com\/?page_id=2"},"modified":"2025-03-28T13:24:52","modified_gmt":"2025-03-28T11:24:52","slug":"a-propos","status":"publish","type":"page","link":"https:\/\/www.sachagattino.com\/","title":{"rendered":"Actualit\u00e9s 2025-2026"},"content":{"rendered":"<div class=\"\" dir=\"auto\">\n<div id=\":r48:\" class=\"x1iorvi4 x1pi30zi x1l90r2v x1swvt13\" data-ad-comet-preview=\"message\" data-ad-preview=\"message\">\n<div class=\"x78zum5 xdt5ytf xz62fqu x16ldp7u\">\n<div class=\"xu06os2 x1ok221b\">\n<div class=\"xdj266r x11i5rnm xat24cr x1mh8g0r x1vvkbs x126k92a\">\n<div dir=\"auto\">\n<div class=\"xdj266r x11i5rnm xat24cr x1mh8g0r x1vvkbs x126k92a\">\n<div dir=\"auto\"><strong>(((_Mes musiques sur BANDCAMP :<\/strong><\/div>\n<div dir=\"auto\"><a href=\"http:\/\/www.sachagattino.com\/wp-content\/uploads\/2025\/03\/Brouillons-Bandcamp-2025.jpg\" target=\"_blank\" rel=\"noopener\"><img loading=\"lazy\" decoding=\"async\" class=\"alignnone wp-image-5473\" title=\"Cliquer pour agrandir\" src=\"http:\/\/www.sachagattino.com\/wp-content\/uploads\/2025\/03\/Brouillons-Bandcamp-2025.jpg\" alt=\"\" width=\"556\" height=\"564\" srcset=\"https:\/\/www.sachagattino.com\/wp-content\/uploads\/2025\/03\/Brouillons-Bandcamp-2025.jpg 973w, https:\/\/www.sachagattino.com\/wp-content\/uploads\/2025\/03\/Brouillons-Bandcamp-2025-295x300.jpg 295w, https:\/\/www.sachagattino.com\/wp-content\/uploads\/2025\/03\/Brouillons-Bandcamp-2025-768x780.jpg 768w\" sizes=\"auto, (max-width: 556px) 100vw, 556px\" \/><\/a><\/div>\n<p>LIEN <a href=\"https:\/\/sachagattino.bandcamp.com\/\" target=\"_blank\" rel=\"noopener\">ICI<\/a><\/p>\n<div dir=\"auto\">J\u2019ai d\u00e9cid\u00e9 de m\u2019occuper s\u00e9rieusement de toutes mes musiques depuis 1998.<br \/>\nUne douzaine d\u2019albums num\u00e9riques est en pr\u00e9paration et le partage se fera sur Bandcamp.<br \/>\nLes tout d\u00e9buts sont un peu maladroits mais esp\u00e8re bien que leurs enjeux sont toujours d\u2019actualit\u00e9. J\u2019y joue parfois tr\u00e8s s\u00e9rieusement avec l\u2019idiotie.<br \/>\nJe profite aussi d\u2019avoir tous les droits d\u2019exploitation retrouv\u00e9s de certains projets produits il y a plus de 10 ans mais jamais propos\u00e9s sous forme d\u2019albums. Des heures d\u2019\u00e9coute donc, mais organis\u00e9es, qui seront servies par petits bouts.<br \/>\nPetit aper\u00e7u des pochettes (enfin, les images au format carr\u00e9 cens\u00e9es pr\u00e9senter les s\u00e9lections de pistes r\u00e9unies!).<\/div>\n<div dir=\"auto\">&#8230;<\/div>\n<div dir=\"auto\"><strong>(((_Un documentaire<br \/>\n<\/strong><\/div>\n<div dir=\"auto\">\n<div dir=\"auto\">Tr\u00e8s heureux de ce petit documentaire sur mon travail qui effleure quelques mani\u00e8res de faire musique, principalement ici pour La Combinatoire \u00e0 Combines.<br \/>\nMerci \u00e0 l\u2019Antipode pour ce \u00ab\u00a0Secrets de Fabrique\u00a0\u00bb. Infos <a href=\"https:\/\/antipode-rennes.fr\/magazine\/sacha-gattino-collectionneur-de-son\" target=\"_blank\" rel=\"noopener\">ICI<\/a><\/div>\n<p><iframe loading=\"lazy\" src=\"https:\/\/player.vimeo.com\/video\/1047202048?dnt=1&amp;app_id=122963\" width=\"500\" height=\"281\" frameborder=\"0\" allow=\"autoplay; fullscreen; picture-in-picture; clipboard-write; encrypted-media; web-share\" referrerpolicy=\"strict-origin-when-cross-origin\"><\/iframe><\/p>\n<\/div>\n<\/div>\n<\/div>\n<\/div>\n<\/div>\n<\/div>\n<\/div>\n<\/div>\n","protected":false},"excerpt":{"rendered":"<p>(((_Mes musiques sur BANDCAMP : LIEN ICI J\u2019ai d\u00e9cid\u00e9 de m\u2019occuper s\u00e9rieusement de toutes mes musiques depuis 1998. Une douzaine d\u2019albums num\u00e9riques est en pr\u00e9paration et le partage se fera sur Bandcamp. Les tout d\u00e9buts sont un peu maladroits mais esp\u00e8re bien que leurs enjeux sont toujours d\u2019actualit\u00e9. J\u2019y joue parfois tr\u00e8s s\u00e9rieusement avec l\u2019idiotie. [&hellip;]<\/p>\n","protected":false},"author":1,"featured_media":0,"parent":0,"menu_order":0,"comment_status":"closed","ping_status":"open","template":"","meta":{"footnotes":""},"class_list":["post-2","page","type-page","status-publish","hentry"],"_links":{"self":[{"href":"https:\/\/www.sachagattino.com\/index.php?rest_route=\/wp\/v2\/pages\/2","targetHints":{"allow":["GET"]}}],"collection":[{"href":"https:\/\/www.sachagattino.com\/index.php?rest_route=\/wp\/v2\/pages"}],"about":[{"href":"https:\/\/www.sachagattino.com\/index.php?rest_route=\/wp\/v2\/types\/page"}],"author":[{"embeddable":true,"href":"https:\/\/www.sachagattino.com\/index.php?rest_route=\/wp\/v2\/users\/1"}],"replies":[{"embeddable":true,"href":"https:\/\/www.sachagattino.com\/index.php?rest_route=%2Fwp%2Fv2%2Fcomments&post=2"}],"version-history":[{"count":977,"href":"https:\/\/www.sachagattino.com\/index.php?rest_route=\/wp\/v2\/pages\/2\/revisions"}],"predecessor-version":[{"id":5492,"href":"https:\/\/www.sachagattino.com\/index.php?rest_route=\/wp\/v2\/pages\/2\/revisions\/5492"}],"wp:attachment":[{"href":"https:\/\/www.sachagattino.com\/index.php?rest_route=%2Fwp%2Fv2%2Fmedia&parent=2"}],"curies":[{"name":"wp","href":"https:\/\/api.w.org\/{rel}","templated":true}]}}