{"id":2090,"date":"2012-10-27T22:52:56","date_gmt":"2012-10-27T20:52:56","guid":{"rendered":"http:\/\/www.sachagattino.com\/?page_id=2090"},"modified":"2022-04-25T10:25:20","modified_gmt":"2022-04-25T08:25:20","slug":"cabinet-de-curiosites","status":"publish","type":"page","link":"https:\/\/www.sachagattino.com\/?page_id=2090","title":{"rendered":"Iconographie"},"content":{"rendered":"<p>Voici quelques d\u00e9tails d&rsquo;une large collection personnelle d\u2019estampes, cartes postales, photos, illustrations de livres, d\u2019encyclop\u00e9dies et de presse, datant principalement d&rsquo;avant le 20<sup>\u00e8me<\/sup> si\u00e8cle. Elle pr\u00e9sente des pratiques ou situations sonores qui entendent troubler et d\u00e9sorienter les chemins balis\u00e9s de l\u2019histoire de la musique, ses musiciens comme sa lutherie, tout du moins tente-t-elle de faire \u00e9tat d\u2019exp\u00e9riences peu convoqu\u00e9es, hors du consensus acad\u00e9miste.\u00a0C\u2019est une petite arch\u00e9ologie du sonore qui emprunte ici \u00e0 ce qui se nommera plus tard musique exp\u00e9rimentale, l\u00e0 \u00e0 la musique bruitiste, ici encore \u00e0 l\u2019humour Rabelaisien, au grotesque ou encore aux explorations fantastiques et enfantines.<\/p>\n<p>Sont donc donn\u00e9s \u00e0 voir des objets domestiques sonifi\u00e9s, instruments d\u00e9risoires, inventions anonymes, approches utilitaires, machineries musicales, rituels, d\u00e9tournements d\u2019instruments, amateurisme, bruitisme, proc\u00e9d\u00e9s al\u00e9atoires, situations sonores improbables, enfants malicieux et animaux fac\u00e9tieux, tout un panel iconographique depuis les marges les plus dissonantes. Ces repr\u00e9sentations, qu\u2019elles soient pour rire, comme conjuration, catharsis ou po\u00e9tique du quotidien entendent alors questionner l\u2019actualit\u00e9 des exp\u00e9riences musicales.<br \/>\nCe qui sera donn\u00e9 \u00e0 voir se jouera des fronti\u00e8res entre l\u2019art et le document, dans une volont\u00e9 de se r\u00e9approprier l\u2019histoire \u00e0 travers quelques-unes de ses traces, traces anciennes constitutives des imaginaires comme des agissements avant-gardistes et exp\u00e9rimentaux du 20\u00e8me si\u00e8cle. Des musiciens comme John Cage, Spike Jones, Erik Satie, Mauricio Kagel, Celeste-Bourssier Mougenot, Pierre Bastien, Alvin Lucier, Matmos ou les mouvements artistiques Dada, ou Fluxus en sont quelques successeurs.<\/p>\n<p>Livre, exposition, cr\u00e9ation interactive, conf\u00e9rence-concert ? En cours\u2026<\/p>\n<p><strong>Quelques diptyques et extraits de s\u00e9ries ; cliquer pour agrandir :<\/strong><br \/>\n<a href=\"http:\/\/www.sachagattino.com\/wp-content\/uploads\/2012\/10\/acoustic.jpg\" target=\"_blank\" rel=\"noopener\"><img loading=\"lazy\" decoding=\"async\" class=\"alignnone size-full wp-image-2783\" title=\"cliquer pour agrandir\" src=\"http:\/\/www.sachagattino.com\/wp-content\/uploads\/2012\/10\/acoustic.jpg\" alt=\"\" width=\"560\" height=\"861\" \/><\/a><\/p>\n<p><a href=\"http:\/\/www.sachagattino.com\/wp-content\/uploads\/2012\/10\/arrosoirs-pichet.jpg\" target=\"_blank\" rel=\"noopener\"><img loading=\"lazy\" decoding=\"async\" class=\"alignnone size-full wp-image-2784\" title=\"cliquer pour agrandir\" src=\"http:\/\/www.sachagattino.com\/wp-content\/uploads\/2012\/10\/arrosoirs-pichet.jpg\" alt=\"\" width=\"560\" height=\"573\" srcset=\"https:\/\/www.sachagattino.com\/wp-content\/uploads\/2012\/10\/arrosoirs-pichet.jpg 1181w, https:\/\/www.sachagattino.com\/wp-content\/uploads\/2012\/10\/arrosoirs-pichet-293x300.jpg 293w, https:\/\/www.sachagattino.com\/wp-content\/uploads\/2012\/10\/arrosoirs-pichet-1000x1024.jpg 1000w\" sizes=\"auto, (max-width: 560px) 100vw, 560px\" \/><\/a><\/p>\n<p><a href=\"http:\/\/www.sachagattino.com\/wp-content\/uploads\/2012\/10\/bouche-cul.jpg\" target=\"_blank\" rel=\"noopener\"><img loading=\"lazy\" decoding=\"async\" class=\"alignnone size-full wp-image-2788\" title=\"cliquer pour agrandir\" src=\"http:\/\/www.sachagattino.com\/wp-content\/uploads\/2012\/10\/bouche-cul.jpg\" alt=\"\" width=\"560\" height=\"1117\" \/><\/a><\/p>\n<p><a href=\"http:\/\/www.sachagattino.com\/wp-content\/uploads\/2012\/10\/Charles-Crawford-VS-Bonanni.jpg\" target=\"_blank\" rel=\"noopener\"><img loading=\"lazy\" decoding=\"async\" class=\"alignnone size-full wp-image-2789\" title=\"cliquer pour agrandir\" src=\"http:\/\/www.sachagattino.com\/wp-content\/uploads\/2012\/10\/Charles-Crawford-VS-Bonanni.jpg\" alt=\"\" width=\"558\" height=\"487\" srcset=\"https:\/\/www.sachagattino.com\/wp-content\/uploads\/2012\/10\/Charles-Crawford-VS-Bonanni.jpg 1339w, https:\/\/www.sachagattino.com\/wp-content\/uploads\/2012\/10\/Charles-Crawford-VS-Bonanni-300x262.jpg 300w, https:\/\/www.sachagattino.com\/wp-content\/uploads\/2012\/10\/Charles-Crawford-VS-Bonanni-1024x895.jpg 1024w\" sizes=\"auto, (max-width: 558px) 100vw, 558px\" \/><\/a><\/p>\n<p><a href=\"http:\/\/www.sachagattino.com\/wp-content\/uploads\/2012\/10\/Egbert-van-Heemskerck-VS-be.jpg\" target=\"_blank\" rel=\"noopener\"><img loading=\"lazy\" decoding=\"async\" class=\"alignnone size-full wp-image-2790\" title=\"cliquer pour agrandir\" src=\"http:\/\/www.sachagattino.com\/wp-content\/uploads\/2012\/10\/Egbert-van-Heemskerck-VS-be.jpg\" alt=\"\" width=\"558\" height=\"983\" srcset=\"https:\/\/www.sachagattino.com\/wp-content\/uploads\/2012\/10\/Egbert-van-Heemskerck-VS-be.jpg 886w, https:\/\/www.sachagattino.com\/wp-content\/uploads\/2012\/10\/Egbert-van-Heemskerck-VS-be-170x300.jpg 170w\" sizes=\"auto, (max-width: 558px) 100vw, 558px\" \/><\/a><\/p>\n<p><a href=\"http:\/\/www.sachagattino.com\/wp-content\/uploads\/2012\/10\/Franz-Graf-von-Pocci-VS-CP.jpg\" target=\"_blank\" rel=\"noopener\"><img loading=\"lazy\" decoding=\"async\" class=\"alignnone size-full wp-image-2795\" title=\"cliquer pour agrandir\" src=\"http:\/\/www.sachagattino.com\/wp-content\/uploads\/2012\/10\/Franz-Graf-von-Pocci-VS-CP.jpg\" alt=\"\" width=\"558\" height=\"673\" srcset=\"https:\/\/www.sachagattino.com\/wp-content\/uploads\/2012\/10\/Franz-Graf-von-Pocci-VS-CP.jpg 886w, https:\/\/www.sachagattino.com\/wp-content\/uploads\/2012\/10\/Franz-Graf-von-Pocci-VS-CP-248x300.jpg 248w, https:\/\/www.sachagattino.com\/wp-content\/uploads\/2012\/10\/Franz-Graf-von-Pocci-VS-CP-848x1024.jpg 848w\" sizes=\"auto, (max-width: 558px) 100vw, 558px\" \/><\/a><\/p>\n<p><a href=\"http:\/\/www.sachagattino.com\/wp-content\/uploads\/2012\/10\/rotation.jpg\" target=\"_blank\" rel=\"noopener\"><img loading=\"lazy\" decoding=\"async\" class=\"alignnone size-full wp-image-2796\" title=\"cliquer pour agrandir\" src=\"http:\/\/www.sachagattino.com\/wp-content\/uploads\/2012\/10\/rotation.jpg\" alt=\"\" width=\"559\" height=\"386\" srcset=\"https:\/\/www.sachagattino.com\/wp-content\/uploads\/2012\/10\/rotation.jpg 1575w, https:\/\/www.sachagattino.com\/wp-content\/uploads\/2012\/10\/rotation-300x207.jpg 300w, https:\/\/www.sachagattino.com\/wp-content\/uploads\/2012\/10\/rotation-1024x708.jpg 1024w\" sizes=\"auto, (max-width: 559px) 100vw, 559px\" \/><\/a><\/p>\n<p><a href=\"http:\/\/www.sachagattino.com\/wp-content\/uploads\/2012\/10\/nouveau-discours-de-la-m\u00e9th.jpg\" target=\"_blank\" rel=\"noopener\"><img loading=\"lazy\" decoding=\"async\" class=\"alignnone size-full wp-image-2797\" title=\"cliquer pour agrandir\" src=\"http:\/\/www.sachagattino.com\/wp-content\/uploads\/2012\/10\/nouveau-discours-de-la-m\u00e9th.jpg\" alt=\"\" width=\"559\" height=\"417\" srcset=\"https:\/\/www.sachagattino.com\/wp-content\/uploads\/2012\/10\/nouveau-discours-de-la-m\u00e9th.jpg 1575w, https:\/\/www.sachagattino.com\/wp-content\/uploads\/2012\/10\/nouveau-discours-de-la-m\u00e9th-300x224.jpg 300w, https:\/\/www.sachagattino.com\/wp-content\/uploads\/2012\/10\/nouveau-discours-de-la-m\u00e9th-1024x765.jpg 1024w\" sizes=\"auto, (max-width: 559px) 100vw, 559px\" \/><\/a><\/p>\n<p><a href=\"http:\/\/www.sachagattino.com\/wp-content\/uploads\/2012\/10\/en-cuisine.jpg\" target=\"_blank\" rel=\"noopener\"><img loading=\"lazy\" decoding=\"async\" class=\"alignnone size-full wp-image-2798\" title=\"cliquer pour agrandir\" src=\"http:\/\/www.sachagattino.com\/wp-content\/uploads\/2012\/10\/en-cuisine.jpg\" alt=\"\" width=\"560\" height=\"406\" srcset=\"https:\/\/www.sachagattino.com\/wp-content\/uploads\/2012\/10\/en-cuisine.jpg 1575w, https:\/\/www.sachagattino.com\/wp-content\/uploads\/2012\/10\/en-cuisine-300x218.jpg 300w, https:\/\/www.sachagattino.com\/wp-content\/uploads\/2012\/10\/en-cuisine-1024x745.jpg 1024w\" sizes=\"auto, (max-width: 560px) 100vw, 560px\" \/><\/a><\/p>\n<p><a href=\"http:\/\/www.sachagattino.com\/wp-content\/uploads\/2012\/10\/Silence-des-simulacres.jpg\" target=\"_blank\" rel=\"noopener\"><img loading=\"lazy\" decoding=\"async\" class=\"alignnone size-full wp-image-2799\" title=\"cliquer pour agrandir\" src=\"http:\/\/www.sachagattino.com\/wp-content\/uploads\/2012\/10\/Silence-des-simulacres.jpg\" alt=\"\" width=\"561\" height=\"1119\" \/><\/a><\/p>\n<p>&nbsp;<\/p>\n","protected":false},"excerpt":{"rendered":"<p>Voici quelques d\u00e9tails d&rsquo;une large collection personnelle d\u2019estampes, cartes postales, photos, illustrations de livres, d\u2019encyclop\u00e9dies et de presse, datant principalement d&rsquo;avant le 20\u00e8me si\u00e8cle. Elle pr\u00e9sente des pratiques ou situations sonores qui entendent troubler et d\u00e9sorienter les chemins balis\u00e9s de l\u2019histoire de la musique, ses musiciens comme sa lutherie, tout du moins tente-t-elle de faire [&hellip;]<\/p>\n","protected":false},"author":1,"featured_media":0,"parent":0,"menu_order":6,"comment_status":"closed","ping_status":"open","template":"","meta":{"footnotes":""},"class_list":["post-2090","page","type-page","status-publish","hentry"],"_links":{"self":[{"href":"https:\/\/www.sachagattino.com\/index.php?rest_route=\/wp\/v2\/pages\/2090","targetHints":{"allow":["GET"]}}],"collection":[{"href":"https:\/\/www.sachagattino.com\/index.php?rest_route=\/wp\/v2\/pages"}],"about":[{"href":"https:\/\/www.sachagattino.com\/index.php?rest_route=\/wp\/v2\/types\/page"}],"author":[{"embeddable":true,"href":"https:\/\/www.sachagattino.com\/index.php?rest_route=\/wp\/v2\/users\/1"}],"replies":[{"embeddable":true,"href":"https:\/\/www.sachagattino.com\/index.php?rest_route=%2Fwp%2Fv2%2Fcomments&post=2090"}],"version-history":[{"count":163,"href":"https:\/\/www.sachagattino.com\/index.php?rest_route=\/wp\/v2\/pages\/2090\/revisions"}],"predecessor-version":[{"id":4605,"href":"https:\/\/www.sachagattino.com\/index.php?rest_route=\/wp\/v2\/pages\/2090\/revisions\/4605"}],"wp:attachment":[{"href":"https:\/\/www.sachagattino.com\/index.php?rest_route=%2Fwp%2Fv2%2Fmedia&parent=2090"}],"curies":[{"name":"wp","href":"https:\/\/api.w.org\/{rel}","templated":true}]}}