{"id":2538,"date":"2014-01-06T22:10:50","date_gmt":"2014-01-06T20:10:50","guid":{"rendered":"http:\/\/www.sachagattino.com\/?page_id=2538"},"modified":"2023-03-29T15:33:13","modified_gmt":"2023-03-29T13:33:13","slug":"2013-2","status":"publish","type":"page","link":"https:\/\/www.sachagattino.com\/?page_id=2538","title":{"rendered":"2013"},"content":{"rendered":"<p><strong><strong>(((_Sur sc\u00e8ne<\/strong> \u00e0 Arles<\/strong><br \/>\n<strong><strong><img loading=\"lazy\" decoding=\"async\" class=\"alignnone size-full wp-image-2409\" src=\"http:\/\/www.sachagattino.com\/wp-content\/uploads\/2009\/08\/Arles2013.jpg\" alt=\"\" width=\"285\" height=\"418\" srcset=\"https:\/\/www.sachagattino.com\/wp-content\/uploads\/2009\/08\/Arles2013.jpg 361w, https:\/\/www.sachagattino.com\/wp-content\/uploads\/2009\/08\/Arles2013-204x300.jpg 204w\" sizes=\"auto, (max-width: 285px) 100vw, 285px\" \/><\/strong><\/strong><br \/>\nJe joue sur sc\u00e8ne pendant les projections du \u00ab\u00a0prix d\u00e9couverte\u00a0\u00bb le 4 juillet au soir.<br \/>\n3 min d&rsquo;images pour chacun des 10 photographes, 30 min de musique originale.<br \/>\n&#8230;et voici la vid\u00e9o de la soir\u00e9e<a href=\"http:\/\/rencontres-arles-photo.tv\/thme\/theatre-antique-arles\/#prix-decouverte-2013-2\" target=\"_blank\" rel=\"noopener\"> ICI<\/a><strong><strong>.<\/strong><\/strong><br \/>\n<strong><strong><img loading=\"lazy\" decoding=\"async\" class=\"alignnone size-full wp-image-2436\" src=\"http:\/\/www.sachagattino.com\/wp-content\/uploads\/2009\/08\/scene.jpg\" alt=\"\" width=\"588\" height=\"386\" srcset=\"https:\/\/www.sachagattino.com\/wp-content\/uploads\/2009\/08\/scene.jpg 713w, https:\/\/www.sachagattino.com\/wp-content\/uploads\/2009\/08\/scene-300x197.jpg 300w\" sizes=\"auto, (max-width: 588px) 100vw, 588px\" \/><br \/>\n<\/strong><\/strong><\/p>\n<p><strong><strong>(((_Exposition \u00ab\u00a0Jeu vid\u00e9o, l&rsquo;expo\u00a0\u00bb<\/strong><\/strong><br \/>\n<strong><strong><img loading=\"lazy\" decoding=\"async\" class=\"alignnone size-full wp-image-2345\" src=\"http:\/\/www.sachagattino.com\/wp-content\/uploads\/2009\/08\/2013-JEUX.jpg\" alt=\"\" width=\"589\" height=\"300\" srcset=\"https:\/\/www.sachagattino.com\/wp-content\/uploads\/2009\/08\/2013-JEUX.jpg 736w, https:\/\/www.sachagattino.com\/wp-content\/uploads\/2009\/08\/2013-JEUX-300x152.jpg 300w\" sizes=\"auto, (max-width: 589px) 100vw, 589px\" \/><br \/>\n<\/strong><\/strong>Avec <a href=\"http:\/\/www.drame.org\/2\/\" target=\"_blank\" rel=\"noopener\">Jean-Jacques Birg\u00e9<\/a>, nous sommes tr\u00e8s heureux d&rsquo;avoir \u00e9t\u00e9 retenu pour faire le design sonore de <a href=\"http:\/\/www.cite-sciences.fr\/cite-du-jeu-video\/presentation.htm\" target=\"_blank\" rel=\"noopener\">l&rsquo;exposition<\/a> \u00e0 la Cit\u00e9 des Sciences.Ouverture le 23 octobre 2013.<\/p>\n<p><span style=\"color: #000000;\"><strong>(((_Joyeux 2013<\/strong><\/span><br \/>\n<span style=\"color: #000000;\"><strong><img loading=\"lazy\" decoding=\"async\" class=\"alignnone size-full wp-image-2293\" src=\"http:\/\/www.sachagattino.com\/wp-content\/uploads\/2009\/08\/Voeuf-2013.jpg\" alt=\"\" width=\"565\" height=\"362\" srcset=\"https:\/\/www.sachagattino.com\/wp-content\/uploads\/2009\/08\/Voeuf-2013.jpg 807w, https:\/\/www.sachagattino.com\/wp-content\/uploads\/2009\/08\/Voeuf-2013-300x192.jpg 300w\" sizes=\"auto, (max-width: 565px) 100vw, 565px\" \/><br \/>\n<\/strong><\/span><\/p>\n","protected":false},"excerpt":{"rendered":"<p>(((_Sur sc\u00e8ne \u00e0 Arles Je joue sur sc\u00e8ne pendant les projections du \u00ab\u00a0prix d\u00e9couverte\u00a0\u00bb le 4 juillet au soir. 3 min d&rsquo;images pour chacun des 10 photographes, 30 min de musique originale. &#8230;et voici la vid\u00e9o de la soir\u00e9e ICI. (((_Exposition \u00ab\u00a0Jeu vid\u00e9o, l&rsquo;expo\u00a0\u00bb Avec Jean-Jacques Birg\u00e9, nous sommes tr\u00e8s heureux d&rsquo;avoir \u00e9t\u00e9 retenu pour [&hellip;]<\/p>\n","protected":false},"author":1,"featured_media":0,"parent":2,"menu_order":9,"comment_status":"closed","ping_status":"open","template":"","meta":{"footnotes":""},"class_list":["post-2538","page","type-page","status-publish","hentry"],"_links":{"self":[{"href":"https:\/\/www.sachagattino.com\/index.php?rest_route=\/wp\/v2\/pages\/2538","targetHints":{"allow":["GET"]}}],"collection":[{"href":"https:\/\/www.sachagattino.com\/index.php?rest_route=\/wp\/v2\/pages"}],"about":[{"href":"https:\/\/www.sachagattino.com\/index.php?rest_route=\/wp\/v2\/types\/page"}],"author":[{"embeddable":true,"href":"https:\/\/www.sachagattino.com\/index.php?rest_route=\/wp\/v2\/users\/1"}],"replies":[{"embeddable":true,"href":"https:\/\/www.sachagattino.com\/index.php?rest_route=%2Fwp%2Fv2%2Fcomments&post=2538"}],"version-history":[{"count":8,"href":"https:\/\/www.sachagattino.com\/index.php?rest_route=\/wp\/v2\/pages\/2538\/revisions"}],"predecessor-version":[{"id":4872,"href":"https:\/\/www.sachagattino.com\/index.php?rest_route=\/wp\/v2\/pages\/2538\/revisions\/4872"}],"up":[{"embeddable":true,"href":"https:\/\/www.sachagattino.com\/index.php?rest_route=\/wp\/v2\/pages\/2"}],"wp:attachment":[{"href":"https:\/\/www.sachagattino.com\/index.php?rest_route=%2Fwp%2Fv2%2Fmedia&parent=2538"}],"curies":[{"name":"wp","href":"https:\/\/api.w.org\/{rel}","templated":true}]}}