{"id":3267,"date":"2018-02-01T15:58:50","date_gmt":"2018-02-01T13:58:50","guid":{"rendered":"http:\/\/www.sachagattino.com\/?page_id=3267"},"modified":"2023-03-29T15:31:42","modified_gmt":"2023-03-29T13:31:42","slug":"2017-2","status":"publish","type":"page","link":"https:\/\/www.sachagattino.com\/?page_id=3267","title":{"rendered":"2017"},"content":{"rendered":"<p><strong>(((_Le Tintinnabulum studio au fond du jardin<\/strong><\/p>\n<p><strong><a href=\"http:\/\/www.sachagattino.com\/wp-content\/uploads\/2009\/08\/Studio-fond-de-jardin.jpg\" target=\"_blank\" rel=\"noopener\"><img loading=\"lazy\" decoding=\"async\" class=\"alignnone size-full wp-image-3248\" title=\"cliquer pour agrandir\" src=\"http:\/\/www.sachagattino.com\/wp-content\/uploads\/2009\/08\/Studio-fond-de-jardin.jpg\" alt=\"\" width=\"566\" height=\"422\" srcset=\"https:\/\/www.sachagattino.com\/wp-content\/uploads\/2009\/08\/Studio-fond-de-jardin.jpg 1417w, https:\/\/www.sachagattino.com\/wp-content\/uploads\/2009\/08\/Studio-fond-de-jardin-300x224.jpg 300w, https:\/\/www.sachagattino.com\/wp-content\/uploads\/2009\/08\/Studio-fond-de-jardin-1024x765.jpg 1024w\" sizes=\"auto, (max-width: 566px) 100vw, 566px\" \/><\/a><br \/>\n<\/strong>Je suis tr\u00e8s heureux d&rsquo;avoir achet\u00e9 une maison de grand m\u00e8re avec arbres fruitiers et atelier au sous-sol, \u00e0 10min de la gare de Rennes et que l&rsquo;on est en train de r\u00e9nover de fond en comble (on casse tout, on enduit, on ponce, on peint, on d\u00e9m\u00e9nage une grosse partie et une entreprise fait le reste!).<br \/>\nMon studio va \u00eatre construit au fond du jardin avec grandes fen\u00eatres sur le v\u00e9g\u00e9tal. Il fera 25m2 (le max possible) et sera tout isol\u00e9. Le cerisier au fond \u00e0 droite restera, \u00e0 quelques dizaines de cm pr\u00e8s, ouf! Fin de travaux cet \u00e9t\u00e9&#8230;<\/p>\n<p><a href=\"http:\/\/www.sachagattino.com\/wp-content\/uploads\/2009\/08\/maison-ouest.jpg\"><img loading=\"lazy\" decoding=\"async\" class=\"alignnone size-full wp-image-3249\" title=\"cliquer pour agrandir\" src=\"http:\/\/www.sachagattino.com\/wp-content\/uploads\/2009\/08\/maison-ouest.jpg\" alt=\"\" width=\"563\" height=\"420\" srcset=\"https:\/\/www.sachagattino.com\/wp-content\/uploads\/2009\/08\/maison-ouest.jpg 992w, https:\/\/www.sachagattino.com\/wp-content\/uploads\/2009\/08\/maison-ouest-300x224.jpg 300w\" sizes=\"auto, (max-width: 563px) 100vw, 563px\" \/><\/a><\/p>\n<p><strong>(((_EL STR\u00d8M \/ CD disponible !<\/strong><br \/>\n<strong><img loading=\"lazy\" decoding=\"async\" class=\"alignnone size-full wp-image-3225\" src=\"http:\/\/www.sachagattino.com\/wp-content\/uploads\/2009\/08\/17157556_10155125047194297_1282541670123017452_o.jpg\" alt=\"\" width=\"416\" height=\"370\" srcset=\"https:\/\/www.sachagattino.com\/wp-content\/uploads\/2009\/08\/17157556_10155125047194297_1282541670123017452_o.jpg 1714w, https:\/\/www.sachagattino.com\/wp-content\/uploads\/2009\/08\/17157556_10155125047194297_1282541670123017452_o-300x267.jpg 300w, https:\/\/www.sachagattino.com\/wp-content\/uploads\/2009\/08\/17157556_10155125047194297_1282541670123017452_o-1024x913.jpg 1024w\" sizes=\"auto, (max-width: 416px) 100vw, 416px\" \/><\/strong><br \/>\nBIRGITTE LYREGAARD, chant \/ SACHA GATTINO, clavier-\u00e9chantillonneur, guimbardes, percussions \/ JEAN-JACQUES BIRG\u00c9, Theremin, Tenori-on, Mascarade Machine, trompette \u00e0 anche<\/p>\n<p>El Str\u00f8m signifie le courant en danois.<br \/>\nTrois ruisseaux forment une rivi\u00e8re.<br \/>\nAu premier barrage l&rsquo;\u00e9nergie \u00e9lectrique favorise le voyage.<br \/>\n<a href=\"http:\/\/birgittelyregaard.dk\/\" target=\"_blank\" rel=\"noopener\">Birgitte Lyregaard<\/a> chante en se moquant des fronti\u00e8res (jazz, pop, punk, contemporain, classique\u2026) pour survoler les continents en feu follet. Babylone dans un mouchoir de poche.<br \/>\n<a href=\"http:\/\/www.sachagattino.com\/\" target=\"_blank\" rel=\"noopener\">Sacha Gattino<\/a> cuisine rythmes pointus et objets sonores cueillis sur la plan\u00e8te, transformant ses jouets avec la gravit\u00e9 des enfants qui se prennent au jeu.<br \/>\n<a href=\"http:\/\/www.drame.org\/2\/\" target=\"_blank\" rel=\"noopener\">Jean-Jacques Birg\u00e9<\/a> joue ici d&rsquo;instruments rares, acoustiques (trompette \u00e0 anche, xaphoon) ou \u00e9lectroniques (Mascarade Machine, Tenori-on, Theremin) et dit n\u2019avoir jamais rencontr\u00e9 autant de complicit\u00e9 avec des musiciens depuis <a href=\"https:\/\/fr.wikipedia.org\/wiki\/Un_drame_musical_instantan%C3%A9\" target=\"_blank\" rel=\"noopener\">Un Drame Musical Instantan\u00e9<\/a>.<br \/>\nChansons cousues main ou improvisation libre, instruments faits maison ou technologie dernier cri, chant des sir\u00e8nes ou r\u00e9volte des machines, l&rsquo;\u00e9lectrochoc produit une bonne humeur plus vraie que nature.<br \/>\n<strong><a href=\"http:\/\/www.sachagattino.com\/wp-content\/uploads\/2009\/08\/17192309_10155127615569297_6280281192066546002_o.jpg\" target=\"_blank\" rel=\"noopener\"><img loading=\"lazy\" decoding=\"async\" class=\"alignnone size-full wp-image-3227\" title=\"cliquer pour agrandir !\" src=\"http:\/\/www.sachagattino.com\/wp-content\/uploads\/2009\/08\/17192309_10155127615569297_6280281192066546002_o.jpg\" alt=\"\" width=\"558\" height=\"277\" srcset=\"https:\/\/www.sachagattino.com\/wp-content\/uploads\/2009\/08\/17192309_10155127615569297_6280281192066546002_o-300x149.jpg 300w, https:\/\/www.sachagattino.com\/wp-content\/uploads\/2009\/08\/17192309_10155127615569297_6280281192066546002_o-1024x511.jpg 1024w\" sizes=\"auto, (max-width: 558px) 100vw, 558px\" \/><\/a><\/strong><br \/>\nMastering by <a href=\"https:\/\/www.discogs.com\/fr\/artist\/541164-Marwan-Danoun?noanv=1\" target=\"_blank\" rel=\"noopener\">Marwan Danoun<\/a><br \/>\nGraphic Design by <a title=\"http:\/\/volumique.com\/v2\/\" href=\"http:\/\/volumique.com\/v2\/\" target=\"_blank\" rel=\"noopener\">\u00c9tienne Mineur<\/a><br \/>\nDrawings by Grandville, Un autre monde, 1844, coll. Sacha Gattino<br \/>\nPhoto by Sonia Cruchon<br \/>\nDistribu\u00e9 par <a href=\"http:\/\/www.orkhestra.fr\/orkhestra.php\" target=\"_blank\" rel=\"noopener\">Orkh\u00eastra<\/a><\/p>\n<p>Trouver le disque ? : <a href=\"http:\/\/www.orkhestra.fr\/catalog.php?FIND=GRR2029\" target=\"_blank\" rel=\"noopener\">ICI<\/a><br \/>\nPlus d\u2019infos ? : <a href=\"http:\/\/www.drame.org\/ELSTROM\/CD.html\" target=\"_blank\" rel=\"noopener\">ICI<\/a><br \/>\n<a href=\"http:\/\/www.sachagattino.com\/wp-content\/uploads\/2009\/08\/17362600_10155158609904297_.jpg\" target=\"_blank\" rel=\"noopener\"><img loading=\"lazy\" decoding=\"async\" class=\"alignnone size-full wp-image-3237\" title=\"cliquer pour agrandir !\" src=\"http:\/\/www.sachagattino.com\/wp-content\/uploads\/2009\/08\/17362600_10155158609904297_.jpg\" alt=\"\" width=\"558\" height=\"278\" srcset=\"https:\/\/www.sachagattino.com\/wp-content\/uploads\/2009\/08\/17362600_10155158609904297_.jpg 1890w, https:\/\/www.sachagattino.com\/wp-content\/uploads\/2009\/08\/17362600_10155158609904297_-300x150.jpg 300w, https:\/\/www.sachagattino.com\/wp-content\/uploads\/2009\/08\/17362600_10155158609904297_-1024x512.jpg 1024w\" sizes=\"auto, (max-width: 558px) 100vw, 558px\" \/><\/a><\/p>\n","protected":false},"excerpt":{"rendered":"<p>(((_Le Tintinnabulum studio au fond du jardin Je suis tr\u00e8s heureux d&rsquo;avoir achet\u00e9 une maison de grand m\u00e8re avec arbres fruitiers et atelier au sous-sol, \u00e0 10min de la gare de Rennes et que l&rsquo;on est en train de r\u00e9nover de fond en comble (on casse tout, on enduit, on ponce, on peint, on d\u00e9m\u00e9nage [&hellip;]<\/p>\n","protected":false},"author":1,"featured_media":0,"parent":2,"menu_order":5,"comment_status":"closed","ping_status":"closed","template":"","meta":{"footnotes":""},"class_list":["post-3267","page","type-page","status-publish","hentry"],"_links":{"self":[{"href":"https:\/\/www.sachagattino.com\/index.php?rest_route=\/wp\/v2\/pages\/3267","targetHints":{"allow":["GET"]}}],"collection":[{"href":"https:\/\/www.sachagattino.com\/index.php?rest_route=\/wp\/v2\/pages"}],"about":[{"href":"https:\/\/www.sachagattino.com\/index.php?rest_route=\/wp\/v2\/types\/page"}],"author":[{"embeddable":true,"href":"https:\/\/www.sachagattino.com\/index.php?rest_route=\/wp\/v2\/users\/1"}],"replies":[{"embeddable":true,"href":"https:\/\/www.sachagattino.com\/index.php?rest_route=%2Fwp%2Fv2%2Fcomments&post=3267"}],"version-history":[{"count":5,"href":"https:\/\/www.sachagattino.com\/index.php?rest_route=\/wp\/v2\/pages\/3267\/revisions"}],"predecessor-version":[{"id":4868,"href":"https:\/\/www.sachagattino.com\/index.php?rest_route=\/wp\/v2\/pages\/3267\/revisions\/4868"}],"up":[{"embeddable":true,"href":"https:\/\/www.sachagattino.com\/index.php?rest_route=\/wp\/v2\/pages\/2"}],"wp:attachment":[{"href":"https:\/\/www.sachagattino.com\/index.php?rest_route=%2Fwp%2Fv2%2Fmedia&parent=3267"}],"curies":[{"name":"wp","href":"https:\/\/api.w.org\/{rel}","templated":true}]}}