{"id":4161,"date":"2021-01-20T12:19:26","date_gmt":"2021-01-20T10:19:26","guid":{"rendered":"http:\/\/www.sachagattino.com\/?page_id=4161"},"modified":"2023-03-29T15:31:17","modified_gmt":"2023-03-29T13:31:17","slug":"2020-2","status":"publish","type":"page","link":"https:\/\/www.sachagattino.com\/?page_id=4161","title":{"rendered":"2020"},"content":{"rendered":"<p><strong>(((_Vertige des hauteurs #1<\/strong><br \/>\nUne premi\u00e8re \u00e9tape de compositions avec des carreaux de terre cuite ici en duo avec mon fils (Jasmin 8 ans)<br \/>\n[Confinement] 1er mai \/ 20h04<br \/>\n<iframe loading=\"lazy\" title=\"Vertige des hauteurs #1\" src=\"https:\/\/player.vimeo.com\/video\/425804598?dnt=1&amp;app_id=122963\" width=\"500\" height=\"281\" frameborder=\"0\" allow=\"autoplay; fullscreen; picture-in-picture; clipboard-write; encrypted-media; web-share\" referrerpolicy=\"strict-origin-when-cross-origin\"><\/iframe><\/p>\n<p><strong>(((_<\/strong><strong>Exposition <em>Contraires<\/em> \u00e0 la Cit\u00e9 des Sciences, 2020<\/strong><br \/>\nUne exposition enfants autour des contraires avec notamment 3 belles applications \u00e0 jouer dont j\u2019ai fait les musiques et le design sonore.<br \/>\nConceptions de Yassine Slami et participations de <a href=\"http:\/\/www.blueyeti.fr\/\" target=\"_blank\" rel=\"noopener\">Blue Yeti<\/a> (<em>A la hauteur de<\/em>) et<a href=\"http:\/\/www.tinybigstory.be\/\" target=\"_blank\" rel=\"noopener\"> Tinybigstory<\/a> (<em>Portraits anim\u00e9s<\/em>).<br \/>\n<a href=\"http:\/\/www.cite-sciences.fr\/fr\/au-programme\/expos-temporaires\/contraires\/\" target=\"_blank\" rel=\"noopener\">Exposition<\/a> jusqu\u2019au 3 janvier 2021<\/p>\n<p>Extraits <em>A la hauteur de<\/em> musiques<br \/>\nT-REX<br \/>\n<!-- Dewplayer Begin--><object type=\"application\/x-shockwave-flash\" data=\"https:\/\/www.sachagattino.com\/wp-content\/plugins\/dewplayer\/dewplayer.swf?mp3=http:\/\/www.sachagattino.com\/wp-content\/uploads\/2020\/03\/Contraires_alahauteur_trex.mp3&amp;showtime=1&amp;bgcolor=FFFFFF\" width=\"200\" height=\"20\"><param name=\"bgcolor\" value=\"FFFFFF\" \/><param name=\"movie\" value=\"https:\/\/www.sachagattino.com\/wp-content\/plugins\/dewplayer\/dewplayer.swf?mp3=http:\/\/www.sachagattino.com\/wp-content\/uploads\/2020\/03\/Contraires_alahauteur_trex.mp3&amp;showtime=1&amp;bgcolor=FFFFFF\" \/><\/object><!-- Dewplayer End--><br \/>\nSOURIS<br \/>\n<!-- Dewplayer Begin--><object type=\"application\/x-shockwave-flash\" data=\"https:\/\/www.sachagattino.com\/wp-content\/plugins\/dewplayer\/dewplayer.swf?mp3=http:\/\/www.sachagattino.com\/wp-content\/uploads\/2020\/03\/Contraires_alahauteur_souris.mp3&amp;showtime=1&amp;bgcolor=FFFFFF\" width=\"200\" height=\"20\"><param name=\"bgcolor\" value=\"FFFFFF\" \/><param name=\"movie\" value=\"https:\/\/www.sachagattino.com\/wp-content\/plugins\/dewplayer\/dewplayer.swf?mp3=http:\/\/www.sachagattino.com\/wp-content\/uploads\/2020\/03\/Contraires_alahauteur_souris.mp3&amp;showtime=1&amp;bgcolor=FFFFFF\" \/><\/object><!-- Dewplayer End--><\/p>\n<p><img loading=\"lazy\" decoding=\"async\" class=\"alignnone wp-image-4100\" src=\"http:\/\/www.sachagattino.com\/wp-content\/uploads\/2020\/03\/jeudesmots.jpg\" alt=\"\" width=\"552\" height=\"395\" srcset=\"https:\/\/www.sachagattino.com\/wp-content\/uploads\/2020\/03\/jeudesmots.jpg 1701w, https:\/\/www.sachagattino.com\/wp-content\/uploads\/2020\/03\/jeudesmots-300x214.jpg 300w, https:\/\/www.sachagattino.com\/wp-content\/uploads\/2020\/03\/jeudesmots-768x549.jpg 768w, https:\/\/www.sachagattino.com\/wp-content\/uploads\/2020\/03\/jeudesmots-1024x731.jpg 1024w\" sizes=\"auto, (max-width: 552px) 100vw, 552px\" \/><\/p>\n<p><img loading=\"lazy\" decoding=\"async\" class=\"alignnone wp-image-4101\" src=\"http:\/\/www.sachagattino.com\/wp-content\/uploads\/2020\/03\/Portraits-animes-montage.jpg\" alt=\"\" width=\"555\" height=\"314\" srcset=\"https:\/\/www.sachagattino.com\/wp-content\/uploads\/2020\/03\/Portraits-animes-montage.jpg 2268w, https:\/\/www.sachagattino.com\/wp-content\/uploads\/2020\/03\/Portraits-animes-montage-300x170.jpg 300w, https:\/\/www.sachagattino.com\/wp-content\/uploads\/2020\/03\/Portraits-animes-montage-768x435.jpg 768w, https:\/\/www.sachagattino.com\/wp-content\/uploads\/2020\/03\/Portraits-animes-montage-1024x580.jpg 1024w\" sizes=\"auto, (max-width: 555px) 100vw, 555px\" \/><\/p>\n<p><img loading=\"lazy\" decoding=\"async\" class=\"alignnone wp-image-4102\" src=\"http:\/\/www.sachagattino.com\/wp-content\/uploads\/2020\/03\/Alahauteurde-montage.jpg\" alt=\"\" width=\"554\" height=\"1328\" srcset=\"https:\/\/www.sachagattino.com\/wp-content\/uploads\/2020\/03\/Alahauteurde-montage.jpg 946w, https:\/\/www.sachagattino.com\/wp-content\/uploads\/2020\/03\/Alahauteurde-montage-125x300.jpg 125w, https:\/\/www.sachagattino.com\/wp-content\/uploads\/2020\/03\/Alahauteurde-montage-768x1841.jpg 768w, https:\/\/www.sachagattino.com\/wp-content\/uploads\/2020\/03\/Alahauteurde-montage-427x1024.jpg 427w\" sizes=\"auto, (max-width: 554px) 100vw, 554px\" \/><\/p>\n<p>&nbsp;<\/p>\n","protected":false},"excerpt":{"rendered":"<p>(((_Vertige des hauteurs #1 Une premi\u00e8re \u00e9tape de compositions avec des carreaux de terre cuite ici en duo avec mon fils (Jasmin 8 ans) [Confinement] 1er mai \/ 20h04 (((_Exposition Contraires \u00e0 la Cit\u00e9 des Sciences, 2020 Une exposition enfants autour des contraires avec notamment 3 belles applications \u00e0 jouer dont j\u2019ai fait les musiques [&hellip;]<\/p>\n","protected":false},"author":1,"featured_media":0,"parent":2,"menu_order":2,"comment_status":"closed","ping_status":"closed","template":"","meta":{"footnotes":""},"class_list":["post-4161","page","type-page","status-publish","hentry"],"_links":{"self":[{"href":"https:\/\/www.sachagattino.com\/index.php?rest_route=\/wp\/v2\/pages\/4161","targetHints":{"allow":["GET"]}}],"collection":[{"href":"https:\/\/www.sachagattino.com\/index.php?rest_route=\/wp\/v2\/pages"}],"about":[{"href":"https:\/\/www.sachagattino.com\/index.php?rest_route=\/wp\/v2\/types\/page"}],"author":[{"embeddable":true,"href":"https:\/\/www.sachagattino.com\/index.php?rest_route=\/wp\/v2\/users\/1"}],"replies":[{"embeddable":true,"href":"https:\/\/www.sachagattino.com\/index.php?rest_route=%2Fwp%2Fv2%2Fcomments&post=4161"}],"version-history":[{"count":2,"href":"https:\/\/www.sachagattino.com\/index.php?rest_route=\/wp\/v2\/pages\/4161\/revisions"}],"predecessor-version":[{"id":4163,"href":"https:\/\/www.sachagattino.com\/index.php?rest_route=\/wp\/v2\/pages\/4161\/revisions\/4163"}],"up":[{"embeddable":true,"href":"https:\/\/www.sachagattino.com\/index.php?rest_route=\/wp\/v2\/pages\/2"}],"wp:attachment":[{"href":"https:\/\/www.sachagattino.com\/index.php?rest_route=%2Fwp%2Fv2%2Fmedia&parent=4161"}],"curies":[{"name":"wp","href":"https:\/\/api.w.org\/{rel}","templated":true}]}}