{"id":4547,"date":"2022-02-01T16:37:40","date_gmt":"2022-02-01T14:37:40","guid":{"rendered":"http:\/\/www.sachagattino.com\/?page_id=4547"},"modified":"2025-01-27T18:19:20","modified_gmt":"2025-01-27T16:19:20","slug":"la-combinatoire-a-combines","status":"publish","type":"page","link":"https:\/\/www.sachagattino.com\/?page_id=4547","title":{"rendered":"La Combinatoire \u00e0 Combines"},"content":{"rendered":"<p>VOIR SOUS-DOSSIERS : <em><a href=\"http:\/\/www.sachagattino.com\/?page_id=4947\">R\u00e9sidences<\/a> \/ <a href=\"http:\/\/www.sachagattino.com\/?page_id=4616\">La table \u00e0 transfert<\/a> \/ <a href=\"http:\/\/www.sachagattino.com\/?page_id=4619\">Le tambour \u00e9lectro-organique<\/a> \/ <a href=\"http:\/\/www.sachagattino.com\/?page_id=4780\">Le mbira<\/a><\/em><\/p>\n<p><strong>(((_PR\u00c9SENTATION<\/strong><\/p>\n<p><strong>Un petit documentaire<\/strong> (Infos <a href=\"https:\/\/antipode-rennes.fr\/magazine\/sacha-gattino-collectionneur-de-son\" target=\"_blank\" rel=\"noopener\">ICI<\/a>)<strong><br \/>\n<\/strong><\/p>\n<div class=\"\" dir=\"auto\">\n<div id=\":r48:\" class=\"x1iorvi4 x1pi30zi x1l90r2v x1swvt13\" data-ad-comet-preview=\"message\" data-ad-preview=\"message\">\n<div class=\"x78zum5 xdt5ytf xz62fqu x16ldp7u\">\n<div class=\"xu06os2 x1ok221b\">\n<div class=\"xdj266r x11i5rnm xat24cr x1mh8g0r x1vvkbs x126k92a\">\n<div dir=\"auto\">\n<div class=\"xdj266r x11i5rnm xat24cr x1mh8g0r x1vvkbs x126k92a\">\n<p><iframe loading=\"lazy\" src=\"https:\/\/player.vimeo.com\/video\/1047202048?dnt=1&amp;app_id=122963\" width=\"500\" height=\"281\" frameborder=\"0\" allow=\"autoplay; fullscreen; picture-in-picture; clipboard-write; encrypted-media; web-share\" referrerpolicy=\"strict-origin-when-cross-origin\"><\/iframe><\/p>\n<p><strong>La bande annonce<\/strong> :<\/p>\n<p><iframe loading=\"lazy\" title=\"La Combinatoire \u00e0 Combines \/ TRAILER\" src=\"https:\/\/player.vimeo.com\/video\/910405634?dnt=1&amp;app_id=122963\" width=\"500\" height=\"281\" frameborder=\"0\" allow=\"autoplay; fullscreen; picture-in-picture; clipboard-write; encrypted-media; web-share\" referrerpolicy=\"strict-origin-when-cross-origin\"><\/iframe><\/p>\n<p><a href=\"http:\/\/www.sachagattino.com\/wp-content\/uploads\/2023\/08\/CAC-buffet-FACEmini.jpg\" target=\"_blank\" rel=\"noopener\"><img loading=\"lazy\" decoding=\"async\" class=\"alignnone wp-image-4995\" title=\"Cliquer pour agrandir\" src=\"http:\/\/www.sachagattino.com\/wp-content\/uploads\/2023\/08\/CAC-buffet-FACEmini.jpg\" alt=\"\" width=\"576\" height=\"384\" srcset=\"https:\/\/www.sachagattino.com\/wp-content\/uploads\/2023\/08\/CAC-buffet-FACEmini.jpg 2835w, https:\/\/www.sachagattino.com\/wp-content\/uploads\/2023\/08\/CAC-buffet-FACEmini-300x200.jpg 300w, https:\/\/www.sachagattino.com\/wp-content\/uploads\/2023\/08\/CAC-buffet-FACEmini-768x512.jpg 768w, https:\/\/www.sachagattino.com\/wp-content\/uploads\/2023\/08\/CAC-buffet-FACEmini-1024x683.jpg 1024w\" sizes=\"auto, (max-width: 576px) 100vw, 576px\" \/><\/a><br \/>\n<img loading=\"lazy\" decoding=\"async\" class=\"alignnone wp-image-5156\" src=\"http:\/\/www.sachagattino.com\/wp-content\/uploads\/2024\/02\/la-combinatoire-combines-sacha-gattino-antipode-gwendal-le-flem_53238711768_o.jpg\" alt=\"\" width=\"575\" height=\"383\" srcset=\"https:\/\/www.sachagattino.com\/wp-content\/uploads\/2024\/02\/la-combinatoire-combines-sacha-gattino-antipode-gwendal-le-flem_53238711768_o.jpg 2200w, https:\/\/www.sachagattino.com\/wp-content\/uploads\/2024\/02\/la-combinatoire-combines-sacha-gattino-antipode-gwendal-le-flem_53238711768_o-300x200.jpg 300w, https:\/\/www.sachagattino.com\/wp-content\/uploads\/2024\/02\/la-combinatoire-combines-sacha-gattino-antipode-gwendal-le-flem_53238711768_o-768x512.jpg 768w, https:\/\/www.sachagattino.com\/wp-content\/uploads\/2024\/02\/la-combinatoire-combines-sacha-gattino-antipode-gwendal-le-flem_53238711768_o-1024x683.jpg 1024w\" sizes=\"auto, (max-width: 575px) 100vw, 575px\" \/><br \/>\nLA COMBINATOIRE \u00c0 COMBINES est un espace multi-instrumental \u00e9lectro-acoustique \u00e9volutif commenc\u00e9 en 2021. D\u00e9velopp\u00e9 pour l\u2019improvisation autant que pour l\u2019\u00e9criture collective, c\u2019est aujourd\u2019hui une performance soliste avec des notations, gardant des perspectives musicales renouvelables \u00e0 souhait. S\u2019il y a bien un ordinateur sur sc\u00e8ne, tout part du silence (\u00e0 quelques exceptions pr\u00e8s), se compose, s\u2019articule en temps r\u00e9el: jeu, \u00e9chantillonnage, mixage et traitements num\u00e9riques.<br \/>\nInfluenc\u00e9 autant par la musique \u00e9lectronique et la musique concr\u00e8te que par les approches ethnomusicologiques ou l\u2019orchestration contemporaine, l\u2019exp\u00e9rience propos\u00e9e sollicite une sorte de cabinet de curiosit\u00e9s sonores o\u00f9 <em>naturalia, artificialia, exotica, domestica, electronica<\/em> d\u00e9voilent volontiers leurs d\u00e9guisements fac\u00e9tieux (instruments pr\u00e9par\u00e9s, d\u00e9tourn\u00e9s, intervertissements de techniques, hybridations autant que transformations num\u00e9riques des sons).<br \/>\nPr\u00e9alablement \u00e0 ce carnaval solitaire se trouve la vaste collection d\u2019instruments-objets sonores, rassembl\u00e9s depuis pr\u00e8s de 25 ans. Elle est faite d\u2019antiquit\u00e9s, d\u2019objets domestiques, d\u2019instruments pr\u00e9cieux, d\u00e9risoires ou ordinaires d\u2019ici et d\u2019ailleurs, de jouets et cr\u00e9ations de luthiers sur mesure. Pour <em>La Combinatoire \u00e0 Combines<\/em>, plus de 300 ont \u00e9t\u00e9 auscult\u00e9s, enregistr\u00e9s sous forme de cellules, programm\u00e9es, parfois r\u00e9accord\u00e9es pour \u00eatre rejou\u00e9es, revitalis\u00e9es depuis un clavier. C\u2019est comme un grand orchestre miniaturis\u00e9 et r\u00e9incarn\u00e9 sous les doigts. Une programmation al\u00e9atoire faite de probabilit\u00e9s y ajoute une part d\u2019impr\u00e9visibilit\u00e9, obligeant le joueur \u00e0 une \u00e9coute r\u00e9active, \u00e0 apprivoiser les sons surprises dans l\u2019instant comme dans la dur\u00e9e. S\u2019entrem\u00ealent\u00a0sur sc\u00e8ne \u00e9galement\u00a0:<\/p>\n<ul>\n<li>Un grand lamellophone (mbira 5 octaves) dont la moiti\u00e9 est pr\u00e9par\u00e9e avec des aimants,<\/li>\n<li>Un tambour sur cadre \u00e9lectro-organique (sp\u00e9cialement programm\u00e9 et jou\u00e9 \u00e0 plat avec divers hybridations)<\/li>\n<li>Une interface modulaire appel\u00e9e <em>table \u00e0 transfert <\/em>accueillant de nombreux instruments (cr\u00e9ation).<\/li>\n<\/ul>\n<p>Entourant le clavier-\u00e9chantillonneur, tout cet \u00e9quipement vient nourrir l\u2019espace de jeu, diversifier les gestes et donnent \u00e0 entendre quelques exemples manifestes de la collection. Quelques machines de contr\u00f4le reli\u00e9es \u00e0 l\u2019ordinateur facilitent l\u2019\u00e9change avec la r\u00e9alit\u00e9 acoustique et le corps en action (p\u00e9dales et interfaces MIDI).<br \/>\nAussi, diff\u00e9rents types d\u2019\u00e9chantillonnage en temps r\u00e9el (cycles-r\u00e9p\u00e9titions-rythmisations) permettent aux entrelacs harmoniques et aux polyrythmies de se d\u00e9velopper et l\u2019amplification par microphones de contact assure une exploration intime de la mati\u00e8re acoustique.<br \/>\nAu-del\u00e0 de la musique, toute une dimension visuelle a \u00e9t\u00e9 cr\u00e9\u00e9e par l\u2019artiste <a href=\"https:\/\/yrostudio.com\/\" target=\"_blank\" rel=\"noopener\">Elie Blanchard<\/a>. La difficile contrainte de d\u00e9part de filmer l\u2019instrumentarium et ses objets \u00e0 la fois mutiques et immobiles ne l\u2019a pas d\u00e9courag\u00e9. En plus de son savoir-faire, Elie a rapport\u00e9 toutes sortes d\u2019outils optiques, motoris\u00e9s, lumineux (dont certaines inventions fabriqu\u00e9es maison) pour faire vivre en images ces instruments et proposer un dialogue qui puisse sublimer l\u2019\u00e9coute et d\u00e9voiler l\u2019invisible sur sc\u00e8ne.<\/p>\n<p>Conception originale et musique : Sacha Gattino<br \/>\nConception et r\u00e9alisation visuelle : Elie Blanchard<br \/>\nProduction d\u00e9l\u00e9gu\u00e9e : Electroni[k]<br \/>\nProducteur associ\u00e9 : Antipode<br \/>\nCoproductions : Stereolux, Le Tintinnabulum Studio<br \/>\nPartenariat : CCNRB<br \/>\nAssistant r\u00e9alisation et prise de vue : Thomas Lanza<br \/>\nAssistant lumi\u00e8res : S\u00e9bastien Thomas<br \/>\nMontage : Victoria Follonier<br \/>\nAvec le soutien de la DRAC Bretagne<\/p>\n<p>Remerciements : Ga\u00e9tan Na\u00ebl, Samuel Arnaux, Jacques Sichler, Pierre Nouvel, Karine Lebrun, FRAC Bretagne, HOMME PLISS\u00c9 ISSEY MIYAKE, Florian J\u00e9gu, Festival Serendip, Festival Autres Mesures, Festival Maintenant, Voyons Voir.<\/p>\n<p><strong>R\u00c9SUM\u00c9 TECHNIQUE :<\/strong><br \/>\nSolo d\u2019approx. 35-45 min<br \/>\n\u00c9quipe : 1 musicien &amp; 1 r\u00e9gisseur (vid\u00e9o+lumi\u00e8re)<br \/>\nSonorisation n\u00e9cessaire avec subs<br \/>\nEmprise au sol 3m50\/3m<br \/>\nVid\u00e9oprojection (min.6m \/4m)<br \/>\nJauge id\u00e9ale : 150\/350 personnes<br \/>\nDisposition id\u00e9ale : sc\u00e8ne au niveau du parterre<br \/>\nPublic en situation assise<br \/>\nTransport en voiture \/ minivan uniquement (approx. 5m3)<br \/>\nOption possible : en fin de performance, inviter le public \u00e0 venir sur sc\u00e8ne voir de pr\u00e8s les instruments-dispositifs, poser des questions&#8230;<\/p>\n<p>Contact diffusion :\u00a0Nathalie Kon\u00e9-Denot\u00a0&#8211;\u00a0<a href=\"mailto:diffusion@electroni-k.org\">diffusion@electroni-k.org<\/a><\/p>\n<p><iframe loading=\"lazy\" src=\"https:\/\/player.vimeo.com\/video\/865566802?dnt=1&amp;app_id=122963\" width=\"500\" height=\"281\" frameborder=\"0\" allow=\"autoplay; fullscreen; picture-in-picture; clipboard-write; encrypted-media; web-share\" referrerpolicy=\"strict-origin-when-cross-origin\"><\/iframe><br \/>\n<iframe loading=\"lazy\" src=\"https:\/\/player.vimeo.com\/video\/840608237?dnt=1&amp;app_id=122963\" width=\"500\" height=\"281\" frameborder=\"0\" allow=\"autoplay; fullscreen; picture-in-picture; clipboard-write; encrypted-media; web-share\" referrerpolicy=\"strict-origin-when-cross-origin\"><\/iframe><\/p>\n<p><strong>(((_ENSEMBLE V5, <\/strong>printemps \/ \u00e9t\u00e9 2023 (en production, voir <a href=\"http:\/\/www.sachagattino.com\/?page_id=4947\">ICI<\/a>)<strong><br \/>\n<\/strong>Tr\u00e8s heureux de pouvoir faire \u00e9voluer la performance soliste sc\u00e9niquement (et musicalement) avec\u00a0:<\/p>\n<p>_Ajout instruments : cloche \u00e0 griffes d\u2019\u00e9l\u00e9phant, cymbale-cloche cout\u00e9e, crapaudine, masseurs de t\u00eate, pommes de pin, 4 vibromasseurs.<br \/>\n_\u00c9criture musicale et production visuelle en cours.<\/p>\n<p><strong>(((_ENSEMBLE V4, <\/strong>printemps 2022-hiver 2023<br \/>\n_Finalisation de la programmation des 80 pr\u00e9r\u00e9glages du tambour \u00e9lectro-organique et d\u00e9veloppement des hybridations \u00e0 m\u00eame la peau.<br \/>\n_Enregistrement et ajout nouveaux \u00e9chantillons d\u2019instruments au clavier (notamment ceux de la r\u00e9sidence en GUYANE), r\u00e9\u00e9quilibrage de l\u2019ensemble.<br \/>\n_(Re)programmation des \u00e9chantillonneurs en temps r\u00e9el et des traitements,<br \/>\n_ Regroupement des contr\u00f4les sur nouvelle interface MIDI, changement des p\u00e9dales et supports.<br \/>\n_D\u00e9veloppement-am\u00e9lioration du dispositif modulaire de la table \u00e0 transfert : cr\u00e9ation table de r\u00e9sonance par le luthier Florian J\u00e9gu (Bretagne) et deuxi\u00e8me micro contact.<br \/>\n_Nouveaux outils-instruments physiques adapt\u00e9s \u00e0 la table \u00e0 transfert : \u00ab\u00a0manches \u00e0 cordes\u00a0\u00bb par le luthier Christopher Vila (Occitanie), bols chantants accord\u00e9s par le luthier R\u00e9mi Bonneau (Bretagne), timbres d&rsquo;horloges avec accordages suppl\u00e9mentaires, tambour \u00e0 fentes, monocorde basse, arcs \u00e0 bouche d\u00e9tourn\u00e9s, gongs chinois&#8230;<br \/>\n_Disposition-espace l\u00e9g\u00e8rement modifi\u00e9e,<br \/>\n_nouvelles pi\u00e8ces en phase d\u2019\u00e9criture et r\u00e9\u00e9criture des anciennes.<\/p>\n<p><strong>(((_ENSEMBLE V3, <\/strong>hiver 2022<br \/>\n&#8230;l&rsquo;arriv\u00e9 du tambour \u00e9lectro-organique dans l&rsquo;ensemble et d\u00e9but de d\u00e9veloppement de la table de r\u00e9sonance + micro contact.<br \/>\n<iframe loading=\"lazy\" src=\"https:\/\/player.vimeo.com\/video\/672129538?dnt=1&amp;app_id=122963\" width=\"500\" height=\"281\" frameborder=\"0\" allow=\"autoplay; fullscreen; picture-in-picture; clipboard-write; encrypted-media; web-share\" referrerpolicy=\"strict-origin-when-cross-origin\"><\/iframe><\/p>\n<p><strong>(((_ENSEMBLE V2, <\/strong>\u00e9t\u00e9 2021<br \/>\nDes potentialit\u00e9s bien \u00e9largies.<br \/>\n\u2248 100 instruments-bruiteurs-objets,<br \/>\n300 cellules acoustiques (x \u22483 octaves),<br \/>\n\u2248 10.000 sons \u00ab\u00a0accord\u00e9s\u00a0\u00bb.<br \/>\nLes sous-s\u00e9lections, manipulations et traitements sont enrichis, les phras\u00e9s plus longs (4 \u00e9chantillonneurs).<br \/>\nQuelques formules math\u00e9matiques m\u2019ont tourneboul\u00e9 quelques temps (du type\u00a0: (Input*0.49469) +0.2706\u00a0; Max(Min(Input, 0.95552), 0.743447)\u2026).<br \/>\nL\u2019interface de jeu est r\u00e9duite, concentr\u00e9e (pour le moment) sur la clavier-contr\u00f4leur et le mbira.<\/p>\n<p><strong><em>D\u00e9tails #1 <\/em>(V2)<\/strong><br \/>\n<iframe loading=\"lazy\" src=\"https:\/\/player.vimeo.com\/video\/588424404?dnt=1&amp;app_id=122963\" width=\"500\" height=\"281\" frameborder=\"0\" allow=\"autoplay; fullscreen; picture-in-picture; clipboard-write; encrypted-media; web-share\" referrerpolicy=\"strict-origin-when-cross-origin\"><\/iframe><\/p>\n<p><strong><em>D\u00e9tails #3 <\/em>(V2)<\/strong><br \/>\n<iframe loading=\"lazy\" src=\"https:\/\/player.vimeo.com\/video\/785687248?dnt=1&amp;app_id=122963\" width=\"500\" height=\"281\" frameborder=\"0\" allow=\"autoplay; fullscreen; picture-in-picture; clipboard-write; encrypted-media; web-share\" referrerpolicy=\"strict-origin-when-cross-origin\"><\/iframe><\/p>\n<p><strong>(((_ENSEMBLE V1, <\/strong>printemps 2021<br \/>\n<strong><em>D\u00e9tails #1 <\/em>(V1)<\/strong><br \/>\n<iframe loading=\"lazy\" title=\"La combinatoire \u00e0 combines (V1 d\u00e9tails #1)\" src=\"https:\/\/player.vimeo.com\/video\/537623342?dnt=1&amp;app_id=122963\" width=\"500\" height=\"281\" frameborder=\"0\" allow=\"autoplay; fullscreen; picture-in-picture; clipboard-write; encrypted-media; web-share\" referrerpolicy=\"strict-origin-when-cross-origin\"><\/iframe><\/p>\n<p><strong><em>D<\/em><\/strong><strong><em>\u00e9tails #2 <\/em>(V1)<\/strong><br \/>\nO\u00f9 les musiques peuvent \u00eatre un peu bruitistes-traditionnelles-electronica-exp\u00e9rimentales-minimalistes-\u00e9lectroacoustiques-contemporaines sur les bords.<br \/>\n<iframe loading=\"lazy\" title=\"La combinatoire \u00e0 combines (V1 d\u00e9tails #2)\" src=\"https:\/\/player.vimeo.com\/video\/541853439?dnt=1&amp;app_id=122963\" width=\"500\" height=\"281\" frameborder=\"0\" allow=\"autoplay; fullscreen; picture-in-picture; clipboard-write; encrypted-media; web-share\" referrerpolicy=\"strict-origin-when-cross-origin\"><\/iframe><\/p>\n<p><strong><em>La nuit rotatoire <\/em>(V1)<em><br \/>\n<\/em><\/strong>O\u00f9 les endormissements \u00e9taient accompagn\u00e9s\u00a0de rythmies, de mouvements de la t\u00eate, d&rsquo;avant en arri\u00e8re comme faisaient les lecteurs de la Torah \u00e0 la synagogue avec papi, comme de doux headbangings.<br \/>\n<iframe loading=\"lazy\" title=\"LA NUIT ROTATOIRE avec La combinatoire \u00e0 combines (V1)\" src=\"https:\/\/player.vimeo.com\/video\/542029208?dnt=1&amp;app_id=122963\" width=\"500\" height=\"281\" frameborder=\"0\" allow=\"autoplay; fullscreen; picture-in-picture; clipboard-write; encrypted-media; web-share\" referrerpolicy=\"strict-origin-when-cross-origin\"><\/iframe><\/p>\n<\/div>\n<\/div>\n<\/div>\n<\/div>\n<\/div>\n<\/div>\n<\/div>\n","protected":false},"excerpt":{"rendered":"<p>VOIR SOUS-DOSSIERS : R\u00e9sidences \/ La table \u00e0 transfert \/ Le tambour \u00e9lectro-organique \/ Le mbira (((_PR\u00c9SENTATION Un petit documentaire (Infos ICI) La bande annonce : LA COMBINATOIRE \u00c0 COMBINES est un espace multi-instrumental \u00e9lectro-acoustique \u00e9volutif commenc\u00e9 en 2021. D\u00e9velopp\u00e9 pour l\u2019improvisation autant que pour l\u2019\u00e9criture collective, c\u2019est aujourd\u2019hui une performance soliste avec des notations, [&hellip;]<\/p>\n","protected":false},"author":1,"featured_media":0,"parent":5097,"menu_order":0,"comment_status":"closed","ping_status":"closed","template":"","meta":{"footnotes":""},"class_list":["post-4547","page","type-page","status-publish","hentry"],"_links":{"self":[{"href":"https:\/\/www.sachagattino.com\/index.php?rest_route=\/wp\/v2\/pages\/4547","targetHints":{"allow":["GET"]}}],"collection":[{"href":"https:\/\/www.sachagattino.com\/index.php?rest_route=\/wp\/v2\/pages"}],"about":[{"href":"https:\/\/www.sachagattino.com\/index.php?rest_route=\/wp\/v2\/types\/page"}],"author":[{"embeddable":true,"href":"https:\/\/www.sachagattino.com\/index.php?rest_route=\/wp\/v2\/users\/1"}],"replies":[{"embeddable":true,"href":"https:\/\/www.sachagattino.com\/index.php?rest_route=%2Fwp%2Fv2%2Fcomments&post=4547"}],"version-history":[{"count":152,"href":"https:\/\/www.sachagattino.com\/index.php?rest_route=\/wp\/v2\/pages\/4547\/revisions"}],"predecessor-version":[{"id":5438,"href":"https:\/\/www.sachagattino.com\/index.php?rest_route=\/wp\/v2\/pages\/4547\/revisions\/5438"}],"up":[{"embeddable":true,"href":"https:\/\/www.sachagattino.com\/index.php?rest_route=\/wp\/v2\/pages\/5097"}],"wp:attachment":[{"href":"https:\/\/www.sachagattino.com\/index.php?rest_route=%2Fwp%2Fv2%2Fmedia&parent=4547"}],"curies":[{"name":"wp","href":"https:\/\/api.w.org\/{rel}","templated":true}]}}