{"id":4616,"date":"2022-06-16T09:33:44","date_gmt":"2022-06-16T07:33:44","guid":{"rendered":"http:\/\/www.sachagattino.com\/?page_id=4616"},"modified":"2022-12-16T11:14:16","modified_gmt":"2022-12-16T09:14:16","slug":"table-a-conduction-modulaire","status":"publish","type":"page","link":"https:\/\/www.sachagattino.com\/?page_id=4616","title":{"rendered":"_La table \u00e0 transfert"},"content":{"rendered":"<p>! VID\u00c9O \u00e0 venir<br \/>\n<img loading=\"lazy\" decoding=\"async\" class=\"alignnone wp-image-4644\" src=\"http:\/\/www.sachagattino.com\/wp-content\/uploads\/2022\/06\/Table-\u00e0-transfert_fabrication.jpg\" alt=\"\" width=\"455\" height=\"636\" srcset=\"https:\/\/www.sachagattino.com\/wp-content\/uploads\/2022\/06\/Table-\u00e0-transfert_fabrication.jpg 2268w, https:\/\/www.sachagattino.com\/wp-content\/uploads\/2022\/06\/Table-\u00e0-transfert_fabrication-215x300.jpg 215w, https:\/\/www.sachagattino.com\/wp-content\/uploads\/2022\/06\/Table-\u00e0-transfert_fabrication-768x1074.jpg 768w, https:\/\/www.sachagattino.com\/wp-content\/uploads\/2022\/06\/Table-\u00e0-transfert_fabrication-732x1024.jpg 732w\" sizes=\"auto, (max-width: 455px) 100vw, 455px\" \/><br \/>\nest un <strong>dispositif amplifi\u00e9 par micros contact<\/strong> (<a href=\"https:\/\/www.youtube.com\/watch?app=desktop&amp;v=-Jeg_LhhbsM\" target=\"_blank\" rel=\"noopener\"><strong>Schertler<\/strong> Dyn-Uni-P48)<\/a> con\u00e7u pour rendre possibles le <strong>jeu et les manipulations en temps r\u00e9el<\/strong> (\u00e9chantillonnage et traitements \u00e9lectro-acoustiques) d\u2019instruments simultan\u00e9ment pos\u00e9s sur la caisse de r\u00e9sonance. Des techniques jusqu\u2019alors souvent r\u00e9serv\u00e9es au studio. C\u2019est un <strong>espace modulaire<\/strong>, comme un kit en pi\u00e8ces d\u00e9tach\u00e9es d\u00e9velopp\u00e9 pour la sc\u00e8ne. Quelques mois d\u2019essais et exp\u00e9rimentations ont \u00e9t\u00e9 n\u00e9cessaires pour <strong>trouver, adapter, parfois d\u00e9tourner ou fabriquer des instruments-objets<\/strong> dont la <strong>conduction vibratoire fonctionne depuis la surface sensible<\/strong>. Une petite cinquantaine d\u2019organes tr\u00e8s h\u00e9t\u00e9rog\u00e8nes s\u2019av\u00e8rent maintenant adapt\u00e9s (typiquement\u00a0: les bo\u00eetes \u00e0 musiques ou kalimbas\u2026mais bien d\u2019autres surprises).<br \/>\n<a href=\"http:\/\/www.sachagattino.com\/wp-content\/uploads\/2022\/06\/outils2022-1.jpg\" target=\"_blank\" rel=\"noopener\"><img loading=\"lazy\" decoding=\"async\" class=\"alignnone wp-image-4628\" title=\"Cliquer pour agrandir\" src=\"http:\/\/www.sachagattino.com\/wp-content\/uploads\/2022\/06\/outils2022-1.jpg\" alt=\"\" width=\"540\" height=\"343\" srcset=\"https:\/\/www.sachagattino.com\/wp-content\/uploads\/2022\/06\/outils2022-1.jpg 5884w, https:\/\/www.sachagattino.com\/wp-content\/uploads\/2022\/06\/outils2022-1-300x190.jpg 300w, https:\/\/www.sachagattino.com\/wp-content\/uploads\/2022\/06\/outils2022-1-768x488.jpg 768w, https:\/\/www.sachagattino.com\/wp-content\/uploads\/2022\/06\/outils2022-1-1024x650.jpg 1024w\" sizes=\"auto, (max-width: 540px) 100vw, 540px\" \/><\/a><br \/>\nLe jeu peut alors <strong>d\u00e9voiler l\u2019intimit\u00e9 acoustique des mat\u00e9riaux<\/strong> comme si vous aviez les oreilles plaqu\u00e9es aux instruments.<br \/>\nLa nouvelle caisse de r\u00e9sonance en \u00e9pic\u00e9a est <strong>sp\u00e9cialement fabriqu\u00e9e pour l\u2019occasion par le talentueux luthier <a href=\"http:\/\/www.florianjegu.fr\/\" target=\"_blank\" rel=\"noopener\">Florian J\u00e9gu<\/a><\/strong> (Bretagne, juin 2022) et sonne clairement magnifiquement mieux -en plus d\u2019\u00eatre plus grande- que la pr\u00e9c\u00e9dente. Elle se conjugue fort bien avec les autres modules de LA COMBINATOIRE \u00c0 COMBINES.<br \/>\n<img loading=\"lazy\" decoding=\"async\" class=\"alignnone wp-image-4629\" src=\"http:\/\/www.sachagattino.com\/wp-content\/uploads\/2022\/06\/Table-\u00e0-transfert_montage.jpg\" alt=\"\" width=\"455\" height=\"890\" srcset=\"https:\/\/www.sachagattino.com\/wp-content\/uploads\/2022\/06\/Table-\u00e0-transfert_montage.jpg 3264w, https:\/\/www.sachagattino.com\/wp-content\/uploads\/2022\/06\/Table-\u00e0-transfert_montage-154x300.jpg 154w, https:\/\/www.sachagattino.com\/wp-content\/uploads\/2022\/06\/Table-\u00e0-transfert_montage-768x1501.jpg 768w, https:\/\/www.sachagattino.com\/wp-content\/uploads\/2022\/06\/Table-\u00e0-transfert_montage-524x1024.jpg 524w\" sizes=\"auto, (max-width: 455px) 100vw, 455px\" \/><br \/>\n<strong>\u2191 <\/strong><em><span class=\"d2edcug0 hpfvmrgz qv66sw1b c1et5uql lr9zc1uh a8c37x1j fe6kdd0r mau55g9w c8b282yb keod5gw0 nxhoafnm aigsh9s9 d3f4x2em iv3no6db jq4qci2q a3bd9o3v b1v8xokw oo9gr5id\" dir=\"auto\">exemple d&rsquo;instruments simultan\u00e9ment jou\u00e9s par contact.<\/span><\/em><\/p>\n<p><strong>D\u00c9TAILS INSTRUMENTS adapt\u00e9s \u00e0 la table <\/strong>(avec nombreuses nouveaut\u00e9s et modifications d&rsquo;existants)<strong> :<\/strong><\/p>\n<p>\/ tambour \u00e0 fentes (<em>Hardwood Music Company, <\/em>USA).<br \/>\n\/ kalimbas (pr\u00e9par\u00e9es ou non avec des aimants).<br \/>\n\/ gongs, cymbales.<br \/>\n\/ bol tib\u00e9tain, demi-sph\u00e8res.<br \/>\n<a href=\"http:\/\/www.sachagattino.com\/wp-content\/uploads\/2022\/06\/outils2022-2.jpg\" target=\"_blank\" rel=\"noopener\"><img loading=\"lazy\" decoding=\"async\" class=\"alignnone wp-image-4650\" title=\"Cliquer pour agrandir\" src=\"http:\/\/www.sachagattino.com\/wp-content\/uploads\/2022\/06\/outils2022-2.jpg\" alt=\"\" width=\"540\" height=\"289\" srcset=\"https:\/\/www.sachagattino.com\/wp-content\/uploads\/2022\/06\/outils2022-2.jpg 6000w, https:\/\/www.sachagattino.com\/wp-content\/uploads\/2022\/06\/outils2022-2-300x160.jpg 300w, https:\/\/www.sachagattino.com\/wp-content\/uploads\/2022\/06\/outils2022-2-768x411.jpg 768w, https:\/\/www.sachagattino.com\/wp-content\/uploads\/2022\/06\/outils2022-2-1024x548.jpg 1024w\" sizes=\"auto, (max-width: 540px) 100vw, 540px\" \/><\/a><br \/>\n\/ 3 \u00ab\u00a0manches \u00e0 cordes\u00a0\u00bb sp\u00e9cialement fabriqu\u00e9s pour jouer \u00e0 plat par <a href=\"https:\/\/cosmicbow.fr\/\" target=\"_blank\" rel=\"noopener\">Christopher Vila<\/a> (Occitanie).<br \/>\n\/ 2 arcs \u00e0 bouche appr\u00eat\u00e9s-bricol\u00e9s par mes soins (avec vibrato possible).<br \/>\n\/ 6 vieux timbres et gongs d\u2019horloges (Angleterre et Allemagne).<br \/>\n\/ moulin \u00e0 musique.<br \/>\n\/ bo\u00eete \u00e0 musique pr\u00e9par\u00e9e.<br \/>\n\/ cloche + ressort + barrette \u00e0 cheveux clic-clac.<br \/>\n<a href=\"http:\/\/www.sachagattino.com\/wp-content\/uploads\/2022\/06\/outils2022-3.jpg\" target=\"_blank\" rel=\"noopener\"><img loading=\"lazy\" decoding=\"async\" class=\"alignnone wp-image-4651\" title=\"Cliquer pour agrandir\" src=\"http:\/\/www.sachagattino.com\/wp-content\/uploads\/2022\/06\/outils2022-3.jpg\" alt=\"\" width=\"541\" height=\"253\" srcset=\"https:\/\/www.sachagattino.com\/wp-content\/uploads\/2022\/06\/outils2022-3.jpg 6000w, https:\/\/www.sachagattino.com\/wp-content\/uploads\/2022\/06\/outils2022-3-300x140.jpg 300w, https:\/\/www.sachagattino.com\/wp-content\/uploads\/2022\/06\/outils2022-3-768x359.jpg 768w, https:\/\/www.sachagattino.com\/wp-content\/uploads\/2022\/06\/outils2022-3-1024x479.jpg 1024w\" sizes=\"auto, (max-width: 541px) 100vw, 541px\" \/><\/a><br \/>\n\/ mod\u00e8le g\u00e9ant de gong d\u2019horloge.<br \/>\n\/ 2 cymbales-cloches (Inde) dont une avec ajout d\u2019un ressort.<br \/>\n\/ timbre de piano Michelsonne sur bo\u00eete de rhum.<br \/>\n\/\u00a0bo\u00eete \u00e0 tonnerre.<br \/>\n\/ monocorde basse.<br \/>\n\/ guimbarde triple.<br \/>\n\/ culbuto, jouet pour chat.<br \/>\n<a href=\"http:\/\/www.sachagattino.com\/wp-content\/uploads\/2022\/06\/outils2022-4.jpg\" target=\"_blank\" rel=\"noopener\"><img loading=\"lazy\" decoding=\"async\" class=\"alignnone wp-image-4652\" title=\"Cliquer pour agrandir\" src=\"http:\/\/www.sachagattino.com\/wp-content\/uploads\/2022\/06\/outils2022-4.jpg\" alt=\"\" width=\"540\" height=\"312\" srcset=\"https:\/\/www.sachagattino.com\/wp-content\/uploads\/2022\/06\/outils2022-4.jpg 5757w, https:\/\/www.sachagattino.com\/wp-content\/uploads\/2022\/06\/outils2022-4-300x173.jpg 300w, https:\/\/www.sachagattino.com\/wp-content\/uploads\/2022\/06\/outils2022-4-768x443.jpg 768w, https:\/\/www.sachagattino.com\/wp-content\/uploads\/2022\/06\/outils2022-4-1024x591.jpg 1024w\" sizes=\"auto, (max-width: 540px) 100vw, 540px\" \/><\/a><br \/>\n\/ 8 bols et demi-sph\u00e8res bronze par <a href=\"https:\/\/remibonneau.fr\/\" target=\"_blank\" rel=\"noopener\">R\u00e9mi Bonneau<\/a> (Bretagne).<br \/>\n\/ 2 gongs d\u2019op\u00e9ra (Chine).<br \/>\n<a href=\"http:\/\/www.sachagattino.com\/wp-content\/uploads\/2022\/06\/outils2022-6.jpg\" target=\"_blank\" rel=\"noopener\"><img loading=\"lazy\" decoding=\"async\" class=\"alignnone wp-image-4654\" title=\"Cliquer pour agrandir\" src=\"http:\/\/www.sachagattino.com\/wp-content\/uploads\/2022\/06\/outils2022-6.jpg\" alt=\"\" width=\"540\" height=\"360\" srcset=\"https:\/\/www.sachagattino.com\/wp-content\/uploads\/2022\/06\/outils2022-6.jpg 6000w, https:\/\/www.sachagattino.com\/wp-content\/uploads\/2022\/06\/outils2022-6-300x200.jpg 300w, https:\/\/www.sachagattino.com\/wp-content\/uploads\/2022\/06\/outils2022-6-768x512.jpg 768w, https:\/\/www.sachagattino.com\/wp-content\/uploads\/2022\/06\/outils2022-6-1024x683.jpg 1024w\" sizes=\"auto, (max-width: 540px) 100vw, 540px\" \/><\/a><br \/>\n\/ tambour \u00e0 friction (Cuica).<br \/>\n\/ xylophone rotatif dont la morphologie permet de le faire sonner (il est tr\u00e8s approximativement accord\u00e9 et m\u00e9riterait une fabrication am\u00e9lior\u00e9e mais tr\u00e8s int\u00e9ressant quand jou\u00e9 \u00e0 l\u2019archet).<br \/>\n<img loading=\"lazy\" decoding=\"async\" class=\"alignnone wp-image-4670\" src=\"http:\/\/www.sachagattino.com\/wp-content\/uploads\/2022\/06\/outils2022-7.jpg\" alt=\"\" width=\"540\" height=\"385\" srcset=\"https:\/\/www.sachagattino.com\/wp-content\/uploads\/2022\/06\/outils2022-7.jpg 2088w, https:\/\/www.sachagattino.com\/wp-content\/uploads\/2022\/06\/outils2022-7-300x214.jpg 300w, https:\/\/www.sachagattino.com\/wp-content\/uploads\/2022\/06\/outils2022-7-768x548.jpg 768w, https:\/\/www.sachagattino.com\/wp-content\/uploads\/2022\/06\/outils2022-7-1024x731.jpg 1024w\" sizes=\"auto, (max-width: 540px) 100vw, 540px\" \/><\/p>\n<p><strong>NOTE TECHNIQUE \/ PERCUSSIONS \u00c9LECTRO-ACOUSTIQUES LIVE:<\/strong><br \/>\nL\u2019\u00e9chantillonnage (boucles-cycles) et traitements \u00e9lectro-acoustiques d\u2019ensembles de percussions ne posent pas de probl\u00e8mes majeurs en studio solo mais sur sc\u00e8ne et surtout en pr\u00e9vision d\u2019autres musiciens, c\u2019est assez rare. \u00c0 moins de mettre des micros contact sur chaque instrument (au risque d\u2019\u00e9touffer les vibrations pour certains) ou d\u2019enregistrer un par un avec un micro dynamique de proximit\u00e9 c\u2019est m\u00eame pratiquement impensable. Les microphones statiques m\u00eame hypercardio\u00efdes engendreraient assur\u00e9ment des soucis de feedback, larsen\u2026<br \/>\nJe suis donc bien heureux d\u2019avoir relev\u00e9 le d\u00e9fi avec seulement deux micros-contact (Schertler Dyn-Uni-P48 + pr\u00e9-ampli RME) pour des dizaines d\u2019instruments-objets sonores.<\/p>\n<p><strong>Contraintes\/inconv\u00e9nients:<\/strong><br \/>\n\/ Besoin d\u2019utiliser une main pour maintenir certain instruments l\u00e9gers lorsqu\u2019ils sont jou\u00e9s (avec d\u00e9licatesse n\u00e9cessaire de certains gestes).<br \/>\n\/ Perte de brillance, hautes fr\u00e9quences un peu ternies par le tissu recouvrant-amortissant sur la table de r\u00e9sonance.<br \/>\n\/ Des instruments non utilisables ou difficilement adaptables (les \u00ab\u00a0vents\u00a0\u00bb y compris guimbardes, shruti-box&#8230;).<br \/>\n\/ Morphologie contraignante des instruments jouables.<br \/>\n\/ Espace r\u00e9duit (1-7 instruments selon la taille).<\/p>\n<p><strong>Avantages\/ouvertures:<\/strong><br \/>\n\/ Possibilit\u00e9s \u00e9lectro-acoustiques infinies (\u00e9chantillonnage et traitements) y compris sur sc\u00e8ne et avec d\u2019autres musiciens.<br \/>\n\/ Amplification particuli\u00e8rement sensible, notamment dans les basses fr\u00e9quences des instruments m\u00eame de petites tailles (les harmoniques des cymbales, petits gongs ou bols chantants par exemple).<br \/>\n\/ Jeu de volumes rythmique possible (comme des tr\u00e9molos) entre les objets pos\u00e9s et la surface sensible.<br \/>\n\/ D\u00e9voiler des instruments qui ne sont jamais ou rarement jou\u00e9s \u00e9lectro-acoustiquement sur sc\u00e8ne.<br \/>\n\/ 2 micros contact pour des dizaines d\u2019instruments.<br \/>\n\/ Flexibilit\u00e9-modularit\u00e9 des petits ensembles d\u2019instruments simultan\u00e9ment jou\u00e9s.<\/p>\n<p><img loading=\"lazy\" decoding=\"async\" class=\"alignnone wp-image-4653\" src=\"http:\/\/www.sachagattino.com\/wp-content\/uploads\/2022\/06\/outils2022-5.jpg\" alt=\"\" width=\"309\" height=\"418\" srcset=\"https:\/\/www.sachagattino.com\/wp-content\/uploads\/2022\/06\/outils2022-5.jpg 2285w, https:\/\/www.sachagattino.com\/wp-content\/uploads\/2022\/06\/outils2022-5-222x300.jpg 222w, https:\/\/www.sachagattino.com\/wp-content\/uploads\/2022\/06\/outils2022-5-768x1040.jpg 768w, https:\/\/www.sachagattino.com\/wp-content\/uploads\/2022\/06\/outils2022-5-756x1024.jpg 756w\" sizes=\"auto, (max-width: 309px) 100vw, 309px\" \/><br \/>\net les nombreuses mailloches-baguettes-marteaux-mailloches \u00e0 friction-archet permettent d\u2019ajuster le jeu et les timbres selon les corps acoustiques.<\/p>\n<p>&nbsp;<\/p>\n","protected":false},"excerpt":{"rendered":"<p>! VID\u00c9O \u00e0 venir est un dispositif amplifi\u00e9 par micros contact (Schertler Dyn-Uni-P48) con\u00e7u pour rendre possibles le jeu et les manipulations en temps r\u00e9el (\u00e9chantillonnage et traitements \u00e9lectro-acoustiques) d\u2019instruments simultan\u00e9ment pos\u00e9s sur la caisse de r\u00e9sonance. Des techniques jusqu\u2019alors souvent r\u00e9serv\u00e9es au studio. C\u2019est un espace modulaire, comme un kit en pi\u00e8ces d\u00e9tach\u00e9es d\u00e9velopp\u00e9 [&hellip;]<\/p>\n","protected":false},"author":1,"featured_media":0,"parent":4547,"menu_order":0,"comment_status":"closed","ping_status":"closed","template":"","meta":{"footnotes":""},"class_list":["post-4616","page","type-page","status-publish","hentry"],"_links":{"self":[{"href":"https:\/\/www.sachagattino.com\/index.php?rest_route=\/wp\/v2\/pages\/4616","targetHints":{"allow":["GET"]}}],"collection":[{"href":"https:\/\/www.sachagattino.com\/index.php?rest_route=\/wp\/v2\/pages"}],"about":[{"href":"https:\/\/www.sachagattino.com\/index.php?rest_route=\/wp\/v2\/types\/page"}],"author":[{"embeddable":true,"href":"https:\/\/www.sachagattino.com\/index.php?rest_route=\/wp\/v2\/users\/1"}],"replies":[{"embeddable":true,"href":"https:\/\/www.sachagattino.com\/index.php?rest_route=%2Fwp%2Fv2%2Fcomments&post=4616"}],"version-history":[{"count":52,"href":"https:\/\/www.sachagattino.com\/index.php?rest_route=\/wp\/v2\/pages\/4616\/revisions"}],"predecessor-version":[{"id":4845,"href":"https:\/\/www.sachagattino.com\/index.php?rest_route=\/wp\/v2\/pages\/4616\/revisions\/4845"}],"up":[{"embeddable":true,"href":"https:\/\/www.sachagattino.com\/index.php?rest_route=\/wp\/v2\/pages\/4547"}],"wp:attachment":[{"href":"https:\/\/www.sachagattino.com\/index.php?rest_route=%2Fwp%2Fv2%2Fmedia&parent=4616"}],"curies":[{"name":"wp","href":"https:\/\/api.w.org\/{rel}","templated":true}]}}