{"id":4619,"date":"2022-06-16T09:35:28","date_gmt":"2022-06-16T07:35:28","guid":{"rendered":"http:\/\/www.sachagattino.com\/?page_id=4619"},"modified":"2022-11-15T12:00:32","modified_gmt":"2022-11-15T10:00:32","slug":"tambour-electro-organique","status":"publish","type":"page","link":"https:\/\/www.sachagattino.com\/?page_id=4619","title":{"rendered":"_Le tambour \u00e9lectro-organique"},"content":{"rendered":"<p>! VID\u00c9O et texte \u00e0 venir : Hybridations (ou la mise \u00e0 plat du tambour sur cadre).<\/p>\n<p><strong>(((_GROS PLAN\/<\/strong> d\u00e9cembre 2021<br \/>\nC\u2019est une bande d\u2019ing\u00e9nieurs-luthiers-geeks japonais et c\u2019est comme s\u2019ils l\u2019avaient fait sur mesure pour moi tellement j\u2019en suis enthousiaste. L\u2019<a href=\"http:\/\/www.aframe.jp\/\" target=\"_blank\" rel=\"noopener\">aFrame<\/a> est un concentr\u00e9 de sons \u00e9clectiques doubl\u00e9 d\u2019une r\u00e9activit\u00e9 physique tr\u00e8s subtile (tout en \u00e9tant l\u00e9ger et facilement transportable). Les techniques de jeu varient volontiers selon la nature des sons jou\u00e9s, c\u2019est comme une m\u00e9ta-percussion. Un immense plaisir \u00e0 le manipuler imm\u00e9diatement mais tous les param\u00e8tres \u00e9tant programmables \u00e0 l\u2019aide d\u2019un manuel de 100 pages\u2026d\u2019infinies perspectives il y a. Il est d\u00e9j\u00e0 en place dans mon espace de jeu et dialogue avec La Combinatoire \u00e0 Combines mais ici quelques courts extraits en solo\u00a0avec timbres en partie fabriqu\u00e9s par mes soins:<br \/>\n<iframe loading=\"lazy\" title=\"Percussion \u00e9lectro-organique\" src=\"https:\/\/player.vimeo.com\/video\/649047389?dnt=1&amp;app_id=122963\" width=\"500\" height=\"281\" frameborder=\"0\" allow=\"autoplay; fullscreen; picture-in-picture; clipboard-write; encrypted-media; web-share\" referrerpolicy=\"strict-origin-when-cross-origin\"><\/iframe><\/p>\n<p>[note, mars 2022] depuis, je me suis appropri\u00e9 l\u2019hybridation propre \u00e0 l&rsquo;instrument en la surench\u00e9rissant (cf. vid\u00e9o du live Festival Autres Mesures).<br \/>\nPuisqu&rsquo;il est jou\u00e9 \u00e0 plat, il permet d\u2019accueillir des petits objets et instruments divers qui entrent en \u00ab\u00a0sympathie acoustique\u00a0\u00bb avec la peau du tambour, pr\u00e9sageant de tr\u00e8s nombreuses perspectives.<\/p>\n<p>&nbsp;<\/p>\n<p>&nbsp;<\/p>\n","protected":false},"excerpt":{"rendered":"<p>! VID\u00c9O et texte \u00e0 venir : Hybridations (ou la mise \u00e0 plat du tambour sur cadre). (((_GROS PLAN\/ d\u00e9cembre 2021 C\u2019est une bande d\u2019ing\u00e9nieurs-luthiers-geeks japonais et c\u2019est comme s\u2019ils l\u2019avaient fait sur mesure pour moi tellement j\u2019en suis enthousiaste. L\u2019aFrame est un concentr\u00e9 de sons \u00e9clectiques doubl\u00e9 d\u2019une r\u00e9activit\u00e9 physique tr\u00e8s subtile (tout en [&hellip;]<\/p>\n","protected":false},"author":1,"featured_media":0,"parent":4547,"menu_order":0,"comment_status":"closed","ping_status":"closed","template":"","meta":{"footnotes":""},"class_list":["post-4619","page","type-page","status-publish","hentry"],"_links":{"self":[{"href":"https:\/\/www.sachagattino.com\/index.php?rest_route=\/wp\/v2\/pages\/4619","targetHints":{"allow":["GET"]}}],"collection":[{"href":"https:\/\/www.sachagattino.com\/index.php?rest_route=\/wp\/v2\/pages"}],"about":[{"href":"https:\/\/www.sachagattino.com\/index.php?rest_route=\/wp\/v2\/types\/page"}],"author":[{"embeddable":true,"href":"https:\/\/www.sachagattino.com\/index.php?rest_route=\/wp\/v2\/users\/1"}],"replies":[{"embeddable":true,"href":"https:\/\/www.sachagattino.com\/index.php?rest_route=%2Fwp%2Fv2%2Fcomments&post=4619"}],"version-history":[{"count":14,"href":"https:\/\/www.sachagattino.com\/index.php?rest_route=\/wp\/v2\/pages\/4619\/revisions"}],"predecessor-version":[{"id":4821,"href":"https:\/\/www.sachagattino.com\/index.php?rest_route=\/wp\/v2\/pages\/4619\/revisions\/4821"}],"up":[{"embeddable":true,"href":"https:\/\/www.sachagattino.com\/index.php?rest_route=\/wp\/v2\/pages\/4547"}],"wp:attachment":[{"href":"https:\/\/www.sachagattino.com\/index.php?rest_route=%2Fwp%2Fv2%2Fmedia&parent=4619"}],"curies":[{"name":"wp","href":"https:\/\/api.w.org\/{rel}","templated":true}]}}