{"id":4947,"date":"2023-06-25T23:07:05","date_gmt":"2023-06-25T21:07:05","guid":{"rendered":"http:\/\/www.sachagattino.com\/?page_id=4947"},"modified":"2024-02-19T12:01:59","modified_gmt":"2024-02-19T10:01:59","slug":"_une-exploration-sonore-et-visuelle","status":"publish","type":"page","link":"https:\/\/www.sachagattino.com\/?page_id=4947","title":{"rendered":"_R\u00e9sidences"},"content":{"rendered":"<div dir=\"auto\">Pour accompagner la transposition sc\u00e9nique du concert, l\u2019artiste <a href=\"https:\/\/yrostudio.com\/\" target=\"_blank\" rel=\"noopener\">Elie Blanchard<\/a> r\u00e9alise un dispositif sc\u00e9nographique et des vid\u00e9os donnant forme \u00e0 cette exp\u00e9rience sonore et permettant de mat\u00e9rialiser cet instrumentarium constitu\u00e9 depuis 25 ans.<\/div>\n<p>_______________________________________________________________<\/p>\n<div dir=\"auto\"><strong>(((_R\u00c9SIDENCE #2 \u00e0 L\u2019<em>Antipode <\/em>\/ <\/strong>septembre 2023<\/div>\n<div dir=\"auto\">r\u00e9p\u00e9ter, changer, r\u00e9p\u00e9ter, rechanger, r\u00e9p\u00e9ter&#8230;<\/div>\n<div dir=\"auto\"><a href=\"http:\/\/www.sachagattino.com\/wp-content\/uploads\/2024\/02\/residence.Antipode-sept2023_montage.jpg\" target=\"_blank\" rel=\"noopener\"><img loading=\"lazy\" decoding=\"async\" class=\"alignnone wp-image-5158\" title=\"cliquer pour agrandir\" src=\"http:\/\/www.sachagattino.com\/wp-content\/uploads\/2024\/02\/residence.Antipode-sept2023_montage.jpg\" alt=\"\" width=\"575\" height=\"1081\" srcset=\"https:\/\/www.sachagattino.com\/wp-content\/uploads\/2024\/02\/residence.Antipode-sept2023_montage.jpg 1323w, https:\/\/www.sachagattino.com\/wp-content\/uploads\/2024\/02\/residence.Antipode-sept2023_montage-160x300.jpg 160w, https:\/\/www.sachagattino.com\/wp-content\/uploads\/2024\/02\/residence.Antipode-sept2023_montage-768x1444.jpg 768w, https:\/\/www.sachagattino.com\/wp-content\/uploads\/2024\/02\/residence.Antipode-sept2023_montage-545x1024.jpg 545w\" sizes=\"auto, (max-width: 575px) 100vw, 575px\" \/><\/a><\/div>\n<div dir=\"auto\"><strong>(((_R\u00c9SIDENCE #1 \u00e0 L\u2019<em>Antipode <\/em><\/strong>\/ juin 2023<em><br \/>\n<\/em><\/div>\n<div dir=\"auto\">Cr\u00e9ation lumi\u00e8re et tests vid\u00e9oprojection avec Elie Blanchard et <span class=\"xt0psk2\">S\u00e9bastien Tomas<\/span>. Hors champ : imprimante 3d, fer \u00e0 souder et c\u00e2blages partout!<\/div>\n<div dir=\"auto\">[Photos Elie Blanchard]<\/div>\n<div dir=\"auto\"><a href=\"http:\/\/www.sachagattino.com\/wp-content\/uploads\/2023\/06\/La-Combinatoire_residenceAntipode1_montage01mini.jpg\" target=\"_blank\" rel=\"noopener\"><img loading=\"lazy\" decoding=\"async\" class=\"alignnone wp-image-4942\" title=\"Cliquer pour agrandir\" src=\"http:\/\/www.sachagattino.com\/wp-content\/uploads\/2023\/06\/La-Combinatoire_residenceAntipode1_montage01mini.jpg\" alt=\"\" width=\"570\" height=\"1025\" srcset=\"https:\/\/www.sachagattino.com\/wp-content\/uploads\/2023\/06\/La-Combinatoire_residenceAntipode1_montage01mini.jpg 1181w, https:\/\/www.sachagattino.com\/wp-content\/uploads\/2023\/06\/La-Combinatoire_residenceAntipode1_montage01mini-167x300.jpg 167w, https:\/\/www.sachagattino.com\/wp-content\/uploads\/2023\/06\/La-Combinatoire_residenceAntipode1_montage01mini-768x1381.jpg 768w, https:\/\/www.sachagattino.com\/wp-content\/uploads\/2023\/06\/La-Combinatoire_residenceAntipode1_montage01mini-570x1024.jpg 570w\" sizes=\"auto, (max-width: 570px) 100vw, 570px\" \/><\/a><\/div>\n<div dir=\"auto\">\n<div dir=\"auto\"><\/div>\n<div dir=\"auto\"><strong>(((_R\u00c9SIDENCE #2 TOURNAGE<\/strong> <strong>au Garage<\/strong> \/juin 2023<\/div>\n<div dir=\"auto\"><a href=\"http:\/\/www.sachagattino.com\/wp-content\/uploads\/2024\/02\/Tournage2_montage2.jpg\" target=\"_blank\" rel=\"noopener\"><img loading=\"lazy\" decoding=\"async\" class=\"alignnone wp-image-5151\" title=\"Cliquer pour agrandir\" src=\"http:\/\/www.sachagattino.com\/wp-content\/uploads\/2024\/02\/Tournage2_montage2.jpg\" alt=\"\" width=\"570\" height=\"1182\" srcset=\"https:\/\/www.sachagattino.com\/wp-content\/uploads\/2024\/02\/Tournage2_montage2.jpg 1323w, https:\/\/www.sachagattino.com\/wp-content\/uploads\/2024\/02\/Tournage2_montage2-145x300.jpg 145w, https:\/\/www.sachagattino.com\/wp-content\/uploads\/2024\/02\/Tournage2_montage2-768x1593.jpg 768w, https:\/\/www.sachagattino.com\/wp-content\/uploads\/2024\/02\/Tournage2_montage2-494x1024.jpg 494w\" sizes=\"auto, (max-width: 570px) 100vw, 570px\" \/><\/a><\/div>\n<div dir=\"auto\"><\/div>\n<div dir=\"auto\"><strong>(((_R\u00c9SIDENCE #1 TOURNAGE<\/strong> <strong>au Garage<\/strong> \/avril 2023<\/div>\n<div dir=\"auto\">Elie avait apport\u00e9 des moteurs rotatifs fabriqu\u00e9s maison, une table lumineuse, une autre vibrante et tout un arsenal de luminaires, lentilles et objets \u00e9tranges pour filmer. Moi, presque tous mes instruments. Heureusement qu\u2019il y avait Thomas en plus. Les 300m2 ont \u00e9t\u00e9 bien utiles.<br \/>\nUn moment de partage cr\u00e9atif intense qui a bien confort\u00e9 l\u2019\u00e9criture pr\u00e9alable.<br \/>\n<a href=\"http:\/\/www.sachagattino.com\/wp-content\/uploads\/2023\/05\/TournageC\u00e0C1_mont2.jpg\" target=\"_blank\" rel=\"noopener\"><img loading=\"lazy\" decoding=\"async\" class=\"alignnone wp-image-4914\" title=\"Cliquer pour agrandir\" src=\"http:\/\/www.sachagattino.com\/wp-content\/uploads\/2023\/05\/TournageC\u00e0C1_mont2.jpg\" alt=\"\" width=\"559\" height=\"382\" srcset=\"https:\/\/www.sachagattino.com\/wp-content\/uploads\/2023\/05\/TournageC\u00e0C1_mont2.jpg 2075w, https:\/\/www.sachagattino.com\/wp-content\/uploads\/2023\/05\/TournageC\u00e0C1_mont2-300x205.jpg 300w, https:\/\/www.sachagattino.com\/wp-content\/uploads\/2023\/05\/TournageC\u00e0C1_mont2-768x524.jpg 768w, https:\/\/www.sachagattino.com\/wp-content\/uploads\/2023\/05\/TournageC\u00e0C1_mont2-1024x699.jpg 1024w\" sizes=\"auto, (max-width: 559px) 100vw, 559px\" \/><\/a><\/div>\n<div dir=\"auto\"><img loading=\"lazy\" decoding=\"async\" class=\"alignnone wp-image-4921\" src=\"http:\/\/www.sachagattino.com\/wp-content\/uploads\/2023\/05\/TournageC\u00e0C1_mont3.jpg\" alt=\"\" width=\"560\" height=\"719\" srcset=\"https:\/\/www.sachagattino.com\/wp-content\/uploads\/2023\/05\/TournageC\u00e0C1_mont3.jpg 1417w, https:\/\/www.sachagattino.com\/wp-content\/uploads\/2023\/05\/TournageC\u00e0C1_mont3-234x300.jpg 234w, https:\/\/www.sachagattino.com\/wp-content\/uploads\/2023\/05\/TournageC\u00e0C1_mont3-768x985.jpg 768w, https:\/\/www.sachagattino.com\/wp-content\/uploads\/2023\/05\/TournageC\u00e0C1_mont3-798x1024.jpg 798w\" sizes=\"auto, (max-width: 560px) 100vw, 560px\" \/><\/div>\n<\/div>\n","protected":false},"excerpt":{"rendered":"<p>Pour accompagner la transposition sc\u00e9nique du concert, l\u2019artiste Elie Blanchard r\u00e9alise un dispositif sc\u00e9nographique et des vid\u00e9os donnant forme \u00e0 cette exp\u00e9rience sonore et permettant de mat\u00e9rialiser cet instrumentarium constitu\u00e9 depuis 25 ans. _______________________________________________________________ (((_R\u00c9SIDENCE #2 \u00e0 L\u2019Antipode \/ septembre 2023 r\u00e9p\u00e9ter, changer, r\u00e9p\u00e9ter, rechanger, r\u00e9p\u00e9ter&#8230; (((_R\u00c9SIDENCE #1 \u00e0 L\u2019Antipode \/ juin 2023 Cr\u00e9ation lumi\u00e8re [&hellip;]<\/p>\n","protected":false},"author":1,"featured_media":0,"parent":4547,"menu_order":-1,"comment_status":"closed","ping_status":"closed","template":"","meta":{"footnotes":""},"class_list":["post-4947","page","type-page","status-publish","hentry"],"_links":{"self":[{"href":"https:\/\/www.sachagattino.com\/index.php?rest_route=\/wp\/v2\/pages\/4947","targetHints":{"allow":["GET"]}}],"collection":[{"href":"https:\/\/www.sachagattino.com\/index.php?rest_route=\/wp\/v2\/pages"}],"about":[{"href":"https:\/\/www.sachagattino.com\/index.php?rest_route=\/wp\/v2\/types\/page"}],"author":[{"embeddable":true,"href":"https:\/\/www.sachagattino.com\/index.php?rest_route=\/wp\/v2\/users\/1"}],"replies":[{"embeddable":true,"href":"https:\/\/www.sachagattino.com\/index.php?rest_route=%2Fwp%2Fv2%2Fcomments&post=4947"}],"version-history":[{"count":38,"href":"https:\/\/www.sachagattino.com\/index.php?rest_route=\/wp\/v2\/pages\/4947\/revisions"}],"predecessor-version":[{"id":5163,"href":"https:\/\/www.sachagattino.com\/index.php?rest_route=\/wp\/v2\/pages\/4947\/revisions\/5163"}],"up":[{"embeddable":true,"href":"https:\/\/www.sachagattino.com\/index.php?rest_route=\/wp\/v2\/pages\/4547"}],"wp:attachment":[{"href":"https:\/\/www.sachagattino.com\/index.php?rest_route=%2Fwp%2Fv2%2Fmedia&parent=4947"}],"curies":[{"name":"wp","href":"https:\/\/api.w.org\/{rel}","templated":true}]}}