{"id":5097,"date":"2024-01-30T14:06:22","date_gmt":"2024-01-30T12:06:22","guid":{"rendered":"http:\/\/www.sachagattino.com\/?page_id=5097"},"modified":"2024-03-05T17:03:05","modified_gmt":"2024-03-05T15:03:05","slug":"auscultations","status":"publish","type":"page","link":"https:\/\/www.sachagattino.com\/?page_id=5097","title":{"rendered":"(((En jeu)))"},"content":{"rendered":"<p>Regroupe les projets musicaux sp\u00e9cialement con\u00e7us pour la sc\u00e8ne :<\/p>\n<p><a href=\"http:\/\/www.sachagattino.com\/?page_id=4547\">La Combinatoire \u00e0 Combines<\/a><\/p>\n<p><a href=\"http:\/\/www.sachagattino.com\/?page_id=5101\">Auscultations<\/a><\/p>\n<p>voir \u00e9galement dans Productions : <a href=\"http:\/\/www.sachagattino.com\/?page_id=4726\" target=\"_blank\" rel=\"noopener\">Guyane<\/a>, <a href=\"http:\/\/www.sachagattino.com\/?page_id=1069\" target=\"_blank\" rel=\"noopener\">Spectacle vivant-performances<\/a><\/p>\n","protected":false},"excerpt":{"rendered":"<p>Regroupe les projets musicaux sp\u00e9cialement con\u00e7us pour la sc\u00e8ne : La Combinatoire \u00e0 Combines Auscultations voir \u00e9galement dans Productions : Guyane, Spectacle vivant-performances<\/p>\n","protected":false},"author":1,"featured_media":0,"parent":0,"menu_order":0,"comment_status":"closed","ping_status":"closed","template":"","meta":{"footnotes":""},"class_list":["post-5097","page","type-page","status-publish","hentry"],"_links":{"self":[{"href":"https:\/\/www.sachagattino.com\/index.php?rest_route=\/wp\/v2\/pages\/5097","targetHints":{"allow":["GET"]}}],"collection":[{"href":"https:\/\/www.sachagattino.com\/index.php?rest_route=\/wp\/v2\/pages"}],"about":[{"href":"https:\/\/www.sachagattino.com\/index.php?rest_route=\/wp\/v2\/types\/page"}],"author":[{"embeddable":true,"href":"https:\/\/www.sachagattino.com\/index.php?rest_route=\/wp\/v2\/users\/1"}],"replies":[{"embeddable":true,"href":"https:\/\/www.sachagattino.com\/index.php?rest_route=%2Fwp%2Fv2%2Fcomments&post=5097"}],"version-history":[{"count":9,"href":"https:\/\/www.sachagattino.com\/index.php?rest_route=\/wp\/v2\/pages\/5097\/revisions"}],"predecessor-version":[{"id":5233,"href":"https:\/\/www.sachagattino.com\/index.php?rest_route=\/wp\/v2\/pages\/5097\/revisions\/5233"}],"wp:attachment":[{"href":"https:\/\/www.sachagattino.com\/index.php?rest_route=%2Fwp%2Fv2%2Fmedia&parent=5097"}],"curies":[{"name":"wp","href":"https:\/\/api.w.org\/{rel}","templated":true}]}}